{"id":82,"date":"2024-10-20T14:55:38","date_gmt":"2024-10-20T11:55:38","guid":{"rendered":"https:\/\/popcult.fi\/nights-2025\/?page_id=82"},"modified":"2025-09-27T14:00:31","modified_gmt":"2025-09-27T11:00:31","slug":"ohjelma","status":"publish","type":"page","link":"https:\/\/popcult.fi\/nights-2025\/ohjelma\/","title":{"rendered":"Ohjelma"},"content":{"rendered":"<section class=\"tavk-block tavk-block--npx-hero-low npx-hero-low\">\n    <div class=\"npx-page-title-area npx-page-title-area--has-image\">\n        <div class=\"npx-container\">\n            <div class=\"npx-page-title-area__inner\">\n                <h1>Ohjelma<\/h1>\n            <\/div>\n        <\/div>\n\n                    <div class=\"npx-page-title-area__image\">\n                <div class=\"npx-page-title-area__image-inner\">\n                        <div class=\"responsive-image-container\" style=\"padding-bottom: 56.272965879265%;background-color: #4a4246;\">\n  <img loading=\"lazy\" class=\"responsive-image lazyload\" height=\"1072\" width=\"1905\" alt=\"\" src=\"data:image\/gif;base64,R0lGODlhAQABAAAAACH5BAEKAAEALAAAAAABAAEAAAICTAEAOw==\" data-src=\"https:\/\/popcult.fi\/app\/uploads\/sites\/8\/2024\/09\/popcult-nights-2025-web-banner-2.jpg?ver=944ec69e\"  data-srcset=\"https:\/\/popcult.fi\/app\/uploads\/sites\/8\/2024\/09\/popcult-nights-2025-web-banner-2.jpg?ver=944ec69e 1905w, https:\/\/popcult.fi\/app\/uploads\/sites\/8\/2024\/09\/popcult-nights-2025-web-banner-2-3d4ql9roq4dbyxo4hy2z22hqu-1000x563.jpg?ver=944ec69e 1000w, https:\/\/popcult.fi\/app\/uploads\/sites\/8\/2024\/09\/popcult-nights-2025-web-banner-2-ehz9tfgw7xsmm9b8ace97y0b1-1500x844.jpg?ver=944ec69e 1500w\" data-sizes=\"auto\" data-parent-fit=\"cover\">\n  <noscript>\n    <img loading=\"lazy\" class=\"responsive-image\" src=\"https:\/\/popcult.fi\/app\/uploads\/sites\/8\/2024\/09\/popcult-nights-2025-web-banner-2.jpg?ver=944ec69e\" alt=\"\" height=\"1072\" width=\"1905\">\n  <\/noscript>\n<\/div>\n                <\/div>\n            <\/div>\n\n            <div class=\"npx-page-title-area__scim\">\n\n            <\/div>\n\n        \n    <\/div>\n\n    \n    \n<\/section>\n\n<div class='container tvk-container'><div class='tvk-block tvk-block-core core-paragraph wysiwyg'>\n<p>Popcult Nights tarjoilee illan aikana monipuolista ohjelmaa r\u00e4j\u00e4ht\u00e4vist\u00e4 live-esityksist\u00e4 karaokeen!<\/p>\n<\/div><\/div>\n\n<div class='container tvk-container'><div class='tvk-block tvk-block-core core-heading wysiwyg'>\n<h2 class=\"wp-block-heading\">Illan aikataulu:<\/h2>\n<\/div><\/div>\n\n<div class='container tvk-container'><div class='tvk-block tvk-block-core core-paragraph wysiwyg'>\n<p><strong>19:30<\/strong> Ovet aukeavat<\/p>\n<\/div><\/div>\n\n<div class='container tvk-container'><div class='tvk-block tvk-block-core core-paragraph wysiwyg'>\n<p><strong>20:00<\/strong> Mielenteatteri: Luurankolinnoite<\/p>\n<\/div><\/div>\n\n<div class='container tvk-container'><div class='tvk-block tvk-block-core core-paragraph wysiwyg'>\n<p><strong>21:00<\/strong> BLUFF feat. NENU<\/p>\n<\/div><\/div>\n\n<div class='container tvk-container'><div class='tvk-block tvk-block-core core-paragraph wysiwyg'>\n<p><strong>21:30<\/strong> Sweet Liqueur Jackie<\/p>\n<\/div><\/div>\n\n<div class='container tvk-container'><div class='tvk-block tvk-block-core core-paragraph wysiwyg'>\n<p><strong>21:40<\/strong> Twiggiana &amp; The Hilario Bros: Popcunt 2.0<\/p>\n<\/div><\/div>\n\n<div class='container tvk-container'><div class='tvk-block tvk-block-core core-paragraph wysiwyg'>\n<p><strong>22:00<\/strong> Pukukisa<\/p>\n<\/div><\/div>\n\n<div class='container tvk-container'><div class='tvk-block tvk-block-core core-paragraph wysiwyg'>\n<p><strong>22:30<\/strong> Nordic Cosplay Cabaret &#8211; Pimenev\u00e4t Illat<\/p>\n<\/div><\/div>\n\n<div class='container tvk-container'><div class='tvk-block tvk-block-core core-paragraph wysiwyg'>\n<p><strong>23:30<\/strong> DJ Kehveli<\/p>\n<\/div><\/div>\n\n<div class='container tvk-container'><div class='tvk-block tvk-block-core core-paragraph wysiwyg'>\n<p><strong>00:30<\/strong> Sericanyan<\/p>\n<\/div><\/div>\n\n<div class='container tvk-container'><div class='tvk-block tvk-block-core core-paragraph wysiwyg'>\n<p><strong>02:00<\/strong> Popcult Nights p\u00e4\u00e4ttyy<\/p>\n<\/div><\/div>\n\n<div class='container tvk-container'><div class='tvk-block tvk-block-core core-heading wysiwyg'>\n<h2 class=\"wp-block-heading\">Karaoke<\/h2>\n<\/div><\/div>\n\n<div class='container tvk-container'><div class='tvk-block tvk-block-core core-paragraph wysiwyg'>\n<p>Tiivist\u00e4m\u00f6n L\u00e4mpi\u00f6n puolelta l\u00f6ytyy baari sek\u00e4 Popcultin karaoke. Karaoke avautuu heti tapahtuman ovien auetessa ja laulamaan p\u00e4\u00e4set koko illan ajan. Laulettavaa l\u00f6ytyy varmasti jokaiseen makuun, sill\u00e4 tarjolla on karaokeklassikoiden lis\u00e4ksi vaihtoehtoja muun muassa elokuvista, tv-sarjoista, peleist\u00e4 ja animesta. Uskallatko nousta lavalle?<\/p>\n<\/div><\/div>\n\n<div class='container tvk-container'><div class='tvk-block tvk-block-core core-heading wysiwyg'>\n<h2 class=\"wp-block-heading\">You Caught My Eye -pukukilpailu<\/h2>\n<\/div><\/div>\n\n<div class='container tvk-container'><div class='tvk-block tvk-block-core core-paragraph wysiwyg'>\n<p>Nightsissa n\u00e4hd\u00e4\u00e4n my\u00f6s \u201dYou Caught My Eye\u201d -pukukisa, jossa juuri sin\u00e4 voit p\u00e4\u00e4st\u00e4\u00e4 luovuutesi valloilleen! Kilpailuun voi osallistua mill\u00e4 tahansa asukokonaisuudella, edes taivas ei ole rajana! Saavu paikalle ajoissa, sill\u00e4 silm\u00e4ilemme upeimpia asukokonaisuuksia heti ovien auetessa. Valitut kilpailijat p\u00e4\u00e4sev\u00e4t esittelem\u00e4\u00e4n luomuksensa Tiivist\u00e4m\u00f6n lavalla.<\/p>\n<\/div><\/div>\n\n<div class='container tvk-container'><div class='tvk-block tvk-block-core core-heading wysiwyg'>\n<h2 class=\"wp-block-heading\">Tutustu illan esiintyjiin:<\/h2>\n<\/div><\/div>\n\n<div class='container tvk-container'><div class='tvk-block tvk-block-core core-image wysiwyg'>\n<figure class=\"wp-block-image size-full\"><img loading=\"lazy\" width=\"600\" height=\"750\" data-src=\"https:\/\/popcult.fi\/app\/uploads\/sites\/8\/2025\/09\/popcult-nights-mielenteatteri.png\" alt=\"\" class=\"wp-image-175 lazyload lazyload\" data-color=\"#222225\" data-srcset=\"https:\/\/popcult.fi\/app\/uploads\/sites\/8\/2025\/09\/popcult-nights-mielenteatteri.png 600w, https:\/\/popcult.fi\/app\/uploads\/sites\/8\/2025\/09\/popcult-nights-mielenteatteri-240x300.png 240w, https:\/\/popcult.fi\/app\/uploads\/sites\/8\/2025\/09\/popcult-nights-mielenteatteri-1gj4a131x5r4mtarnbup9w4yb-350x438.png 350w\" data-sizes=\"auto\" src=\"data:image\/svg+xml,%3Csvg%20xmlns='http:\/\/www.w3.org\/2000\/svg'%20style='background-color:%23222225'%20viewBox='0%200%20600%20750'%3E%3C\/svg%3E\"><\/figure>\n  <noscript>\n    <img src=\"https:\/\/popcult.fi\/app\/uploads\/sites\/8\/2025\/09\/popcult-nights-mielenteatteri.png\" alt=\"\" height=\"750\" width=\"600\">\n  <\/noscript>\n<\/div><\/div>\n\n<div class='container tvk-container'><div class='tvk-block tvk-block-core core-heading wysiwyg'>\n<h2 class=\"wp-block-heading\"><strong>Mielenteatteri: Luurankolinnoite<\/strong> (klo 20:00)<\/h2>\n<\/div><\/div>\n\n<div class='container tvk-container'><div class='tvk-block tvk-block-core core-paragraph wysiwyg'>\n<p>Mielenteatteri-roolipelisarjan Ropeconista tuttu Luurankolabyrintti-liveshow saa odotettua jatkoa Popcult Nightsissa! T\u00e4ss\u00e4 hersyv\u00e4ss\u00e4 yhteis\u00f6llisess\u00e4 roolipeliseikkailussa yleis\u00f6 p\u00e4\u00e4see pelaamaan armeijaa pelottavia Pimeyden armeijan luurankoja vaarallisella teht\u00e4v\u00e4ll\u00e4. Leukaluut kalisevat, julma nauru kaikuu ja j\u00e4ttil\u00e4isnoppa py\u00f6rii \u2014 tule tutkimaan, selviytyyk\u00f6 juuri Sinun luurankosi teht\u00e4v\u00e4lt\u00e4 yhten\u00e4 kappaleena?<\/p>\n<\/div><\/div>\n\n<div class='container tvk-container'><div class='tvk-block tvk-block-core core-paragraph wysiwyg'>\n<p>Instagram: <a href=\"https:\/\/www.instagram.com\/mielenteatteri\/\">@mielenteatteri<\/a><\/p>\n<\/div><\/div>\n\n<div class='container tvk-container'><div class='tvk-block tvk-block-core core-image wysiwyg'>\n<figure class=\"wp-block-image size-full\"><img loading=\"lazy\" width=\"600\" height=\"750\" data-src=\"https:\/\/popcult.fi\/app\/uploads\/sites\/8\/2025\/08\/popcult-nights-2025-bluff-nenu.png\" alt=\"\" class=\"wp-image-167 lazyload lazyload\" data-color=\"#171f27\" data-srcset=\"https:\/\/popcult.fi\/app\/uploads\/sites\/8\/2025\/08\/popcult-nights-2025-bluff-nenu.png 600w, https:\/\/popcult.fi\/app\/uploads\/sites\/8\/2025\/08\/popcult-nights-2025-bluff-nenu-240x300.png 240w, https:\/\/popcult.fi\/app\/uploads\/sites\/8\/2025\/08\/popcult-nights-2025-bluff-nenu-1gj4a131x5r4mtarnbup9w4yb-350x438.png 350w\" data-sizes=\"auto\" src=\"data:image\/svg+xml,%3Csvg%20xmlns='http:\/\/www.w3.org\/2000\/svg'%20style='background-color:%23171f27'%20viewBox='0%200%20600%20750'%3E%3C\/svg%3E\"><\/figure>\n  <noscript>\n    <img src=\"https:\/\/popcult.fi\/app\/uploads\/sites\/8\/2025\/08\/popcult-nights-2025-bluff-nenu.png\" alt=\"\" height=\"750\" width=\"600\">\n  <\/noscript>\n<\/div><\/div>\n\n<div class='container tvk-container'><div class='tvk-block tvk-block-core core-heading wysiwyg'>\n<h2 class=\"wp-block-heading\">BLUFF feat. NENU (klo 21:00)<\/h2>\n<\/div><\/div>\n\n<div class='container tvk-container'><div class='tvk-block tvk-block-core core-paragraph wysiwyg'>\n<p>BLUFF ja Nenuttemita yhdist\u00e4v\u00e4t j\u00e4lleen voimansa luodakseen Popcult Nightsin yleis\u00f6lle mukaansatempaavan tanssisetin, jonka s\u00e4ken\u00f6inti saa tanssijalkasi vipattamaan! Energinen kokoonpano tuo s\u00e4ihkett\u00e4 Tiivist\u00e4m\u00f6n lavalle ja loistetta pimeneviin iltoihin. Luvassa on kattaus kpoppia, jpoppia sek\u00e4 l\u00e4nsimaalaisia populaarikulttuurin hittej\u00e4. Nappaa siis valotikkusi ja tule tanssimaan kanssamme! Luodaan yhdess\u00e4 valoa pimenev\u00e4\u00e4n y\u00f6h\u00f6n!<\/p>\n<\/div><\/div>\n\n<div class='container tvk-container'><div class='tvk-block tvk-block-core core-paragraph wysiwyg'>\n<p>Instagram: <a href=\"https:\/\/www.instagram.com\/bluff.fi\/\">@bluff.fi<\/a> ja <a href=\"https:\/\/www.instagram.com\/nenuttemita\/\">@nenuttemita<\/a><\/p>\n<\/div><\/div>\n\n<div class='container tvk-container'><div class='tvk-block tvk-block-core core-image wysiwyg'>\n<figure class=\"wp-block-image size-full\"><img loading=\"lazy\" width=\"600\" height=\"750\" data-src=\"https:\/\/popcult.fi\/app\/uploads\/sites\/8\/2025\/09\/popcult-nights-sweet-liquer-jackie-1.png\" alt=\"\" class=\"wp-image-172 lazyload lazyload\" data-color=\"#efdd11\" data-srcset=\"https:\/\/popcult.fi\/app\/uploads\/sites\/8\/2025\/09\/popcult-nights-sweet-liquer-jackie-1.png 600w, https:\/\/popcult.fi\/app\/uploads\/sites\/8\/2025\/09\/popcult-nights-sweet-liquer-jackie-1-240x300.png 240w, https:\/\/popcult.fi\/app\/uploads\/sites\/8\/2025\/09\/popcult-nights-sweet-liquer-jackie-1-1gj4a131x5r4mtarnbup9w4yb-350x438.png 350w\" data-sizes=\"auto\" src=\"data:image\/svg+xml,%3Csvg%20xmlns='http:\/\/www.w3.org\/2000\/svg'%20style='background-color:%23efdd11'%20viewBox='0%200%20600%20750'%3E%3C\/svg%3E\"><\/figure>\n  <noscript>\n    <img src=\"https:\/\/popcult.fi\/app\/uploads\/sites\/8\/2025\/09\/popcult-nights-sweet-liquer-jackie-1.png\" alt=\"\" height=\"750\" width=\"600\">\n  <\/noscript>\n<\/div><\/div>\n\n<div class='container tvk-container'><div class='tvk-block tvk-block-core core-heading wysiwyg'>\n<h2 class=\"wp-block-heading\">Sweet Liqueur Jackie (klo 21:30)<\/h2>\n<\/div><\/div>\n\n<div class='container tvk-container'><div class='tvk-block tvk-block-core core-paragraph wysiwyg'>\n<p>Burleski- ja dragtaitreilija Sweet Liqueur Jackie tuo Popcult Nightsin lavalle drag king -numeronsa Jack Sparrowsta. T\u00e4lt\u00e4 veijarilta taitaa taas olla rommi lopussa, eik\u00e4 kukaan voi tiet\u00e4\u00e4, mit\u00e4 h\u00e4n keksii seuraavaksi.&nbsp;<\/p>\n<\/div><\/div>\n\n<div class='container tvk-container'><div class='tvk-block tvk-block-core core-paragraph wysiwyg'>\n<p>Instagram: <a href=\"https:\/\/www.instagram.com\/sweet_liqueur_jackie\/\">@sweet_liqueur_jackie<\/a><\/p>\n<\/div><\/div>\n\n<div class='container tvk-container'><div class='tvk-block tvk-block-core core-image wysiwyg'>\n<figure class=\"wp-block-image size-full\"><img loading=\"lazy\" width=\"600\" height=\"750\" data-src=\"https:\/\/popcult.fi\/app\/uploads\/sites\/8\/2025\/09\/popcult-nights-twiggiana-ja-hilario-bros.png\" alt=\"\" class=\"wp-image-177 lazyload lazyload\" data-color=\"#f2e008\" data-srcset=\"https:\/\/popcult.fi\/app\/uploads\/sites\/8\/2025\/09\/popcult-nights-twiggiana-ja-hilario-bros.png 600w, https:\/\/popcult.fi\/app\/uploads\/sites\/8\/2025\/09\/popcult-nights-twiggiana-ja-hilario-bros-240x300.png 240w, https:\/\/popcult.fi\/app\/uploads\/sites\/8\/2025\/09\/popcult-nights-twiggiana-ja-hilario-bros-1gj4a131x5r4mtarnbup9w4yb-350x438.png 350w\" data-sizes=\"auto\" src=\"data:image\/svg+xml,%3Csvg%20xmlns='http:\/\/www.w3.org\/2000\/svg'%20style='background-color:%23f2e008'%20viewBox='0%200%20600%20750'%3E%3C\/svg%3E\"><\/figure>\n  <noscript>\n    <img src=\"https:\/\/popcult.fi\/app\/uploads\/sites\/8\/2025\/09\/popcult-nights-twiggiana-ja-hilario-bros.png\" alt=\"\" height=\"750\" width=\"600\">\n  <\/noscript>\n<\/div><\/div>\n\n<div class='container tvk-container'><div class='tvk-block tvk-block-core core-heading wysiwyg'>\n<h2 class=\"wp-block-heading\">Twiggiana &amp; The Hilario Bros: Popcunt 2.0 (klo 21:40)<\/h2>\n<\/div><\/div>\n\n<div class='container tvk-container'><div class='tvk-block tvk-block-core core-paragraph wysiwyg'>\n<p>Tiet\u00e4v\u00e4tk\u00f6 kortit kohtalosi? Nelj\u00e4 n\u00f6rtti\u00e4 homoa ovat j\u00e4lleen isojen teemojen \u00e4\u00e4rell\u00e4: mist\u00e4 l\u00f6yt\u00e4\u00e4 voimaa n\u00e4in\u00e4 koettelevina aikoina, toimiiks t\u00e4\u00e4 damn hissi ees?<\/p>\n<\/div><\/div>\n\n<div class='container tvk-container'><div class='tvk-block tvk-block-core core-paragraph wysiwyg'>\n<p>Reipas popkulttuurirevyy huutistaa, itkett\u00e4\u00e4 ja naurattaa r\u00e4\u00e4vitt\u00f6mill\u00e4 sketseill\u00e4\u00e4n ja kiehtovalla yhdistelm\u00e4ll\u00e4 dragia ja cosplayta. Kariana Grandi, Twiggy Mallet sek\u00e4 iki-ihana Hilario Bros tuovat lavalle tutut hahmot ja meemit upouudessa showssaan &#8211; vain Popcult Nightsissa!<\/p>\n<\/div><\/div>\n\n<div class='container tvk-container'><div class='tvk-block tvk-block-core core-paragraph wysiwyg'>\n<p>T\u00e4t\u00e4 kattausta et halua missata!<\/p>\n<\/div><\/div>\n\n<div class='container tvk-container'><div class='tvk-block tvk-block-core core-paragraph wysiwyg'>\n<p>Instagram: <a href=\"https:\/\/www.instagram.com\/karianagrandi\/\">@karianagrandi<\/a>, <a href=\"https:\/\/www.instagram.com\/queentwiggymallet\/\">@queentwiggymallet<\/a> ja <a href=\"https:\/\/www.instagram.com\/thehilariobros\/\">@thehilariobros<\/a><\/p>\n<\/div><\/div>\n\n<div class='container tvk-container'><div class='tvk-block tvk-block-core core-image wysiwyg'>\n<figure class=\"wp-block-image size-full\"><img loading=\"lazy\" width=\"600\" height=\"750\" data-src=\"https:\/\/popcult.fi\/app\/uploads\/sites\/8\/2025\/08\/popcult-nights-2025-nordic-cosplay-cabaret-1.png\" alt=\"\" class=\"wp-image-166 lazyload lazyload\" data-color=\"#181a1e\" data-srcset=\"https:\/\/popcult.fi\/app\/uploads\/sites\/8\/2025\/08\/popcult-nights-2025-nordic-cosplay-cabaret-1.png 600w, https:\/\/popcult.fi\/app\/uploads\/sites\/8\/2025\/08\/popcult-nights-2025-nordic-cosplay-cabaret-1-240x300.png 240w, https:\/\/popcult.fi\/app\/uploads\/sites\/8\/2025\/08\/popcult-nights-2025-nordic-cosplay-cabaret-1-1gj4a131x5r4mtarnbup9w4yb-350x438.png 350w\" data-sizes=\"auto\" src=\"data:image\/svg+xml,%3Csvg%20xmlns='http:\/\/www.w3.org\/2000\/svg'%20style='background-color:%23181a1e'%20viewBox='0%200%20600%20750'%3E%3C\/svg%3E\"><\/figure>\n  <noscript>\n    <img src=\"https:\/\/popcult.fi\/app\/uploads\/sites\/8\/2025\/08\/popcult-nights-2025-nordic-cosplay-cabaret-1.png\" alt=\"\" height=\"750\" width=\"600\">\n  <\/noscript>\n<\/div><\/div>\n\n<div class='container tvk-container'><div class='tvk-block tvk-block-core core-heading wysiwyg'>\n<h2 class=\"wp-block-heading\"><strong>Nordic Cosplay Cabaret<\/strong> &#8211; Pimenev\u00e4t Illat (klo 22:30)<\/h2>\n<\/div><\/div>\n\n<div class='container tvk-container'><div class='tvk-block tvk-block-core core-paragraph wysiwyg'>\n<p>Nordic Cosplay Cabaret&#8217;n s\u00e4ihkyv\u00e4t t\u00e4hdet tuovat j\u00e4lleen glitteri\u00e4 ja r\u00e4iskett\u00e4 t\u00e4h\u00e4n pime\u00e4\u00e4n syysiltaan johdattaen sinut samalla cosplayburleskin maailmaan. T\u00e4t\u00e4 showta et n\u00e4e miss\u00e4\u00e4n muualla kuin paikan p\u00e4\u00e4ll\u00e4!<\/p>\n<\/div><\/div>\n\n<div class='container tvk-container'><div class='tvk-block tvk-block-core core-paragraph wysiwyg'>\n<p>Instagram: <a href=\"https:\/\/www.instagram.com\/nordiccosplaycabaret\/\">@nordiccosplaycabaret<\/a><\/p>\n<\/div><\/div>\n\n<div class='container tvk-container'><div class='tvk-block tvk-block-core core-image wysiwyg'>\n<figure class=\"wp-block-image size-full\"><img loading=\"lazy\" width=\"600\" height=\"750\" data-src=\"https:\/\/popcult.fi\/app\/uploads\/sites\/8\/2025\/09\/popcult-nights-kehveli.png\" alt=\"\" class=\"wp-image-183 lazyload lazyload\" data-color=\"#eabf0f\" data-srcset=\"https:\/\/popcult.fi\/app\/uploads\/sites\/8\/2025\/09\/popcult-nights-kehveli.png 600w, https:\/\/popcult.fi\/app\/uploads\/sites\/8\/2025\/09\/popcult-nights-kehveli-240x300.png 240w, https:\/\/popcult.fi\/app\/uploads\/sites\/8\/2025\/09\/popcult-nights-kehveli-1gj4a131x5r4mtarnbup9w4yb-350x438.png 350w\" data-sizes=\"auto\" src=\"data:image\/svg+xml,%3Csvg%20xmlns='http:\/\/www.w3.org\/2000\/svg'%20style='background-color:%23eabf0f'%20viewBox='0%200%20600%20750'%3E%3C\/svg%3E\"><\/figure>\n  <noscript>\n    <img src=\"https:\/\/popcult.fi\/app\/uploads\/sites\/8\/2025\/09\/popcult-nights-kehveli.png\" alt=\"\" height=\"750\" width=\"600\">\n  <\/noscript>\n<\/div><\/div>\n\n<div class='container tvk-container'><div class='tvk-block tvk-block-core core-heading wysiwyg'>\n<h2 class=\"wp-block-heading\">DJ Kehveli (klo 23:30)<\/h2>\n<\/div><\/div>\n\n<div class='container tvk-container'><div class='tvk-block tvk-block-core core-paragraph wysiwyg'>\n<p>DJ Kehveli on Suomen coniskeness\u00e4 toimiva puolisokea energinen esiintyj\u00e4 ja tapahtumatuottaja, joka vaikuttaa mm. tapahtumien OsKillations, Ropecon Discolarp, Club Kuri ja Neonya W.E.E.B taustalla. Nightsissa&nbsp;DJ Kehveli&nbsp;tarjoilee tanssilattialle K-pop, J-pop ja videopelimusaremixej\u00e4 sis\u00e4lt\u00e4v\u00e4n pop- ja EDM-setin.&nbsp;Aespa, NewJeans, Ado, Metal Gear, Castlevania ja muut ikoniset tunnarit kruunaavat t\u00e4m\u00e4n rakkauskirjeen pop- ja pelimusiikille.<\/p>\n<\/div><\/div>\n\n<div class='container tvk-container'><div class='tvk-block tvk-block-core core-paragraph wysiwyg'>\n<p>Instagram: <a href=\"https:\/\/www.instagram.com\/djkehveli\/\">@djkehveli<\/a><\/p>\n<\/div><\/div>\n\n<div class='container tvk-container'><div class='tvk-block tvk-block-core core-image wysiwyg'>\n<figure class=\"wp-block-image size-full\"><img loading=\"lazy\" width=\"600\" height=\"750\" data-src=\"https:\/\/popcult.fi\/app\/uploads\/sites\/8\/2025\/09\/popcult-nights-sericanyan.png\" alt=\"\" class=\"wp-image-194 lazyload lazyload\" data-color=\"#e5c743\" data-srcset=\"https:\/\/popcult.fi\/app\/uploads\/sites\/8\/2025\/09\/popcult-nights-sericanyan.png 600w, https:\/\/popcult.fi\/app\/uploads\/sites\/8\/2025\/09\/popcult-nights-sericanyan-240x300.png 240w, https:\/\/popcult.fi\/app\/uploads\/sites\/8\/2025\/09\/popcult-nights-sericanyan-1gj4a131x5r4mtarnbup9w4yb-350x438.png 350w\" data-sizes=\"auto\" src=\"data:image\/svg+xml,%3Csvg%20xmlns='http:\/\/www.w3.org\/2000\/svg'%20style='background-color:%23e5c743'%20viewBox='0%200%20600%20750'%3E%3C\/svg%3E\"><\/figure>\n  <noscript>\n    <img src=\"https:\/\/popcult.fi\/app\/uploads\/sites\/8\/2025\/09\/popcult-nights-sericanyan.png\" alt=\"\" height=\"750\" width=\"600\">\n  <\/noscript>\n<\/div><\/div>\n\n<div class='container tvk-container'><div class='tvk-block tvk-block-core core-heading wysiwyg'>\n<h2 class=\"wp-block-heading\">Sericanyan (klo 00:30)<\/h2>\n<\/div><\/div>\n\n<div class='container tvk-container'><div class='tvk-block tvk-block-core core-paragraph wysiwyg'>\n<p>Sericanyan on monista conibileist\u00e4 ja reiveist\u00e4 tunnettu artisti. H\u00e4n on soittanut mm. Neonya Partyss\u00e4 sek\u00e4 suomen suurimmissa coneissa. Serica tunnetaan nopeatempoisista, energisist\u00e4 ja melodiarikkaista DJ-seteist\u00e4\u00e4n. Popcult Nightsissa viimeisen tunnin aikana h\u00e4n tarjoilee hyv\u00e4n kattauksen teemaan sopivia tanssittavia remixej\u00e4 niin popista, edm:st\u00e4 kuin melodisesta hard dancestakin.<\/p>\n<\/div><\/div>\n\n<div class='container tvk-container'><div class='tvk-block tvk-block-core core-paragraph wysiwyg'>\n<p>Instagram: <a href=\"https:\/\/www.instagram.com\/sericanyan\/\">@sericanyan<\/a><\/p>\n<\/div><\/div>\n","protected":false},"excerpt":{"rendered":"<p>Popcult Nights tarjoilee illan aikana monipuolista ohjelmaa r\u00e4j\u00e4ht\u00e4vist\u00e4 live-esityksist\u00e4 karaokeen! Illan aikataulu: 19:30 Ovet aukeavat 20:00 Mielenteatteri: Luurankolinnoite 21:00 BLUFF feat. NENU 21:30 Sweet Liqueur Jackie 21:40 Twiggiana &amp; The Hilario Bros: Popcunt 2.0 22:00 Pukukisa 22:30 Nordic Cosplay Cabaret &#8211; Pimenev\u00e4t Illat 23:30 DJ Kehveli 00:30 Sericanyan 02:00 Popcult Nights p\u00e4\u00e4ttyy Karaoke Tiivist\u00e4m\u00f6n L\u00e4mpi\u00f6n [&hellip;]<\/p>\n","protected":false},"author":17,"featured_media":0,"parent":0,"menu_order":0,"comment_status":"closed","ping_status":"closed","template":"","meta":{"_acf_changed":false,"footnotes":""},"acf":[],"_links":{"self":[{"href":"https:\/\/popcult.fi\/nights-2025\/wp-json\/wp\/v2\/pages\/82"}],"collection":[{"href":"https:\/\/popcult.fi\/nights-2025\/wp-json\/wp\/v2\/pages"}],"about":[{"href":"https:\/\/popcult.fi\/nights-2025\/wp-json\/wp\/v2\/types\/page"}],"author":[{"embeddable":true,"href":"https:\/\/popcult.fi\/nights-2025\/wp-json\/wp\/v2\/users\/17"}],"replies":[{"embeddable":true,"href":"https:\/\/popcult.fi\/nights-2025\/wp-json\/wp\/v2\/comments?post=82"}],"version-history":[{"count":25,"href":"https:\/\/popcult.fi\/nights-2025\/wp-json\/wp\/v2\/pages\/82\/revisions"}],"predecessor-version":[{"id":198,"href":"https:\/\/popcult.fi\/nights-2025\/wp-json\/wp\/v2\/pages\/82\/revisions\/198"}],"wp:attachment":[{"href":"https:\/\/popcult.fi\/nights-2025\/wp-json\/wp\/v2\/media?parent=82"}],"curies":[{"name":"wp","href":"https:\/\/api.w.org\/{rel}","templated":true}]}}