{"id":7,"date":"2024-08-22T16:16:07","date_gmt":"2024-08-22T16:16:07","guid":{"rendered":"https:\/\/popcult.fi\/nights-h2-2024\/?page_id=7"},"modified":"2025-09-23T19:48:45","modified_gmt":"2025-09-23T16:48:45","slug":"nights-h2-2024","status":"publish","type":"page","link":"https:\/\/popcult.fi\/nights-2025\/","title":{"rendered":"Popcult Nights 2025"},"content":{"rendered":"<section class=\"tavk-block tavk-block--npx-hero-low npx-hero-low\">\n    <div class=\"npx-page-title-area npx-page-title-area--has-image\">\n        <div class=\"npx-container\">\n            <div class=\"npx-page-title-area__inner\">\n                <h1>Popcult Nights 2025<\/h1>\n            <\/div>\n        <\/div>\n\n                    <div class=\"npx-page-title-area__image\">\n                <div class=\"npx-page-title-area__image-inner\">\n                        <div class=\"responsive-image-container\" style=\"padding-bottom: 56.272965879265%;background-color: #4a4246;\">\n  <img loading=\"lazy\" class=\"responsive-image lazyload\" height=\"1072\" width=\"1905\" alt=\"\" src=\"data:image\/gif;base64,R0lGODlhAQABAAAAACH5BAEKAAEALAAAAAABAAEAAAICTAEAOw==\" data-src=\"https:\/\/popcult.fi\/app\/uploads\/sites\/8\/2024\/09\/popcult-nights-2025-web-banner-2.jpg?ver=944ec69e\"  data-srcset=\"https:\/\/popcult.fi\/app\/uploads\/sites\/8\/2024\/09\/popcult-nights-2025-web-banner-2.jpg?ver=944ec69e 1905w, https:\/\/popcult.fi\/app\/uploads\/sites\/8\/2024\/09\/popcult-nights-2025-web-banner-2-3d4ql9roq4dbyxo4hy2z22hqu-1000x563.jpg?ver=944ec69e 1000w, https:\/\/popcult.fi\/app\/uploads\/sites\/8\/2024\/09\/popcult-nights-2025-web-banner-2-ehz9tfgw7xsmm9b8ace97y0b1-1500x844.jpg?ver=944ec69e 1500w\" data-sizes=\"auto\" data-parent-fit=\"cover\">\n  <noscript>\n    <img loading=\"lazy\" class=\"responsive-image\" src=\"https:\/\/popcult.fi\/app\/uploads\/sites\/8\/2024\/09\/popcult-nights-2025-web-banner-2.jpg?ver=944ec69e\" alt=\"\" height=\"1072\" width=\"1905\">\n  <\/noscript>\n<\/div>\n                <\/div>\n            <\/div>\n\n            <div class=\"npx-page-title-area__scim\">\n\n            <\/div>\n\n        \n    <\/div>\n\n    \n    \n<\/section>\n\n<div class='container tvk-container'><div class='tvk-block tvk-block-core core-heading wysiwyg'>\n<h2 class=\"wp-block-heading\">4.10.2025, Tiivist\u00e4m\u00f6<\/h2>\n<\/div><\/div>\n\n<div class='container tvk-container'><div class='tvk-block tvk-block-core core-paragraph wysiwyg'>\n<p>Popcult Nights tulee taas! Tiivist\u00e4m\u00f6n lavalla n\u00e4hd\u00e4\u00e4n lokakuun pimeydess\u00e4 monipuolinen kattaus musiikkia, tanssia, dragia ja muuta mukaansatempaavaa ohjelmaa! Illan ja y\u00f6n aikana popkulttuurin yst\u00e4vi\u00e4 viihdytt\u00e4v\u00e4t niin vanhat suosikit kuin uudet tuttavuudet &#8211; ja illan p\u00e4\u00e4tteeksi tietysti reivataan tanssilattialla. Tule viett\u00e4m\u00e4\u00e4n syksyisen h\u00e4m\u00e4rtyv\u00e4\u00e4 iltaa vuoden vauhdikkaimmalle popkulttuuriklubille!<\/p>\n<\/div><\/div>\n\n<div class='container tvk-container'><div class='tvk-block tvk-block-core core-heading wysiwyg'>\n<h2 class=\"wp-block-heading\">Illan aikataulu:<\/h2>\n<\/div><\/div>\n\n<div class='container tvk-container'><div class='tvk-block tvk-block-core core-paragraph wysiwyg'>\n<p><strong>19:30<\/strong> Ovet aukeavat<\/p>\n<\/div><\/div>\n\n<div class='container tvk-container'><div class='tvk-block tvk-block-core core-paragraph wysiwyg'>\n<p><strong>20:00<\/strong> Mielenteatteri: Luurankolinnoite<\/p>\n<\/div><\/div>\n\n<div class='container tvk-container'><div class='tvk-block tvk-block-core core-paragraph wysiwyg'>\n<p><strong>21:00<\/strong> BLUFF feat. NENU<\/p>\n<\/div><\/div>\n\n<div class='container tvk-container'><div class='tvk-block tvk-block-core core-paragraph wysiwyg'>\n<p><strong>21:30<\/strong> Sweet Liqueur Jackie<\/p>\n<\/div><\/div>\n\n<div class='container tvk-container'><div class='tvk-block tvk-block-core core-paragraph wysiwyg'>\n<p><strong>21:40<\/strong> Twiggiana &amp; The Hilario Bros: Popcunt 2.0<\/p>\n<\/div><\/div>\n\n<div class='container tvk-container'><div class='tvk-block tvk-block-core core-paragraph wysiwyg'>\n<p><strong>22:00<\/strong> Pukukisa<\/p>\n<\/div><\/div>\n\n<div class='container tvk-container'><div class='tvk-block tvk-block-core core-paragraph wysiwyg'>\n<p><strong>22:30<\/strong> Nordic Cosplay Cabaret &#8211; Pimenev\u00e4t Illat<\/p>\n<\/div><\/div>\n\n<div class='container tvk-container'><div class='tvk-block tvk-block-core core-paragraph wysiwyg'>\n<p><strong>23:30<\/strong> DJ Kehveli<\/p>\n<\/div><\/div>\n\n<div class='container tvk-container'><div class='tvk-block tvk-block-core core-paragraph wysiwyg'>\n<p><strong>00:30<\/strong> Sericanyan<\/p>\n<\/div><\/div>\n\n<div class='container tvk-container'><div class='tvk-block tvk-block-core core-paragraph wysiwyg'>\n<p><strong>02:00<\/strong> Popcult Nights p\u00e4\u00e4ttyy<\/p>\n<\/div><\/div>\n\n<div class='container tvk-container'><div class='tvk-block tvk-block-core core-paragraph wysiwyg'>\n<p>Esiintyjien lis\u00e4ksi Popcultin karaoke on tuttuun tapaan auki Tiivist\u00e4m\u00f6n l\u00e4mpi\u00f6ss\u00e4 koko tapahtuman ajan. L\u00e4mpi\u00f6n ja baarin puolella on my\u00f6s tilaa juttelulle ja baari tarjoilee popul\u00e4\u00e4rikulttuuriin sopivia drinkkej\u00e4 moneen makuun.<\/p>\n<\/div><\/div>\n\n<div class='container tvk-container'><div class='tvk-block tvk-block-core core-paragraph wysiwyg'>\n<p>Paikalle voit saapua sellaisena kuin olet tai pukeutua joksikin muuksi, sill\u00e4 asu on vapaa! Olet tervetullut mukaan halusitpa tulla paikalle parhaimmassa bileasussasi, cossissa, arkivaatteissa, dragissa tai miss\u00e4 tahansa silt\u00e4 v\u00e4lilt\u00e4. Illan aikana n\u00e4hd\u00e4\u00e4n You Caught My Eye -pukukilpailu.<\/p>\n<\/div><\/div>\n\n<div class='container tvk-container'><div class='tvk-block tvk-block-core core-paragraph wysiwyg'>\n<p>Ohjelmaan ja esiintyjiin p\u00e4\u00e4set tutustumaan tarkemmin <a href=\"https:\/\/popcult.fi\/nights-2025\/ohjelma\/\">Ohjelma-sivulla<\/a>!<\/p>\n<\/div><\/div>\n\n<div class='container tvk-container'><div class='tvk-block tvk-block-core core-heading wysiwyg'>\n<h2 class=\"wp-block-heading\">Liput<\/h2>\n<\/div><\/div>\n\n<div class='container tvk-container'><div class='tvk-block tvk-block-core core-paragraph wysiwyg'>\n<p>Liput tapahtumaan ovat jo myynniss\u00e4! Lipun hinta on 15 \u20ac (sis\u00e4lt\u00e4\u00e4 narikkamaksun). Popcult Nights -tapahtuma on K-18.<\/p>\n<\/div><\/div>\n\n<div class='container tvk-container'><div class='tvk-block tvk-block-core core-buttons wysiwyg'>\n<div class=\"wp-block-buttons is-layout-flex wp-block-buttons-is-layout-flex\">\n<div class=\"wp-block-button\"><a class=\"wp-block-button__link wp-element-button\" href=\"https:\/\/v2.kompassi.eu\/popcultnights2025\/tickets\">Osta lippu<\/a><\/div>\n<\/div>\n<\/div><\/div>\n\n<div class='container tvk-container'><div class='tvk-block tvk-block-core core-heading wysiwyg'>\n<h2 class=\"wp-block-heading\">Seuraathan meit\u00e4 somessa:<\/h2>\n<\/div><\/div>\n\n<div class='container tvk-container'><div class='tvk-block tvk-block-core core-paragraph wysiwyg'>\n<p><a href=\"https:\/\/www.instagram.com\/popcultfi\/\" data-type=\"link\" data-id=\"https:\/\/www.instagram.com\/popcultfi\/\">Instagram<\/a><br><a href=\"https:\/\/www.tiktok.com\/@popcultfi\" data-type=\"link\" data-id=\"https:\/\/www.tiktok.com\/@popcultfi\">TikTok<\/a><br><a href=\"https:\/\/bsky.app\/profile\/popcultfi.bsky.social\">Bluesky<\/a><br><a href=\"https:\/\/www.facebook.com\/popcultfi\" data-type=\"link\" data-id=\"https:\/\/www.tiktok.com\/@popcultfi\">Facebook<\/a><br><a href=\"https:\/\/twitter.com\/popcultfi\" data-type=\"link\" data-id=\"https:\/\/twitter.com\/popcultfi\">Twitter<\/a><\/p>\n<\/div><\/div>\n\n<div class='container tvk-container'><div class='tvk-block tvk-block-core core-heading wysiwyg'>\n<h2 class=\"wp-block-heading\">Yhteisty\u00f6ss\u00e4:<\/h2>\n<\/div><\/div>\n\n<div class='container tvk-container'><div class='tvk-block tvk-block-core core-columns wysiwyg'>\n<div class=\"wp-block-columns is-layout-flex wp-container-core-columns-is-layout-1 wp-block-columns-is-layout-flex\">\n<div class=\"wp-block-column is-layout-flow wp-block-column-is-layout-flow\">\n<figure class=\"wp-block-image size-full\"><img loading=\"lazy\" width=\"1080\" height=\"595\" data-src=\"https:\/\/popcult.fi\/app\/uploads\/sites\/7\/2024\/10\/tiivistamo_logo_1080x1080px-2.png\" alt=\"\" class=\"wp-image-128 lazyload lazyload\" data-srcset=\"https:\/\/popcult.fi\/app\/uploads\/sites\/8\/2024\/10\/tiivistamo_logo_1080x1080px-2.png 1080w, https:\/\/popcult.fi\/app\/uploads\/sites\/8\/2024\/10\/tiivistamo_logo_1080x1080px-2-300x165.png 300w, https:\/\/popcult.fi\/app\/uploads\/sites\/8\/2024\/10\/tiivistamo_logo_1080x1080px-2-1024x564.png 1024w, https:\/\/popcult.fi\/app\/uploads\/sites\/8\/2024\/10\/tiivistamo_logo_1080x1080px-2-768x423.png 768w, https:\/\/popcult.fi\/app\/uploads\/sites\/8\/2024\/10\/tiivistamo_logo_1080x1080px-2-1gj4a131x5r4mtarnbup9w4yb-350x193.png 350w, https:\/\/popcult.fi\/app\/uploads\/sites\/8\/2024\/10\/tiivistamo_logo_1080x1080px-2-8ulhxdici07kl6m7qpir5dtbx-700x386.png 700w, https:\/\/popcult.fi\/app\/uploads\/sites\/8\/2024\/10\/tiivistamo_logo_1080x1080px-2-8fqtnm61c984543gla8ax40d9-750x413.png 750w, https:\/\/popcult.fi\/app\/uploads\/sites\/8\/2024\/10\/tiivistamo_logo_1080x1080px-2-5e4bo1hzfqiuzeohvp67gm6cy-980x540.png 980w\" data-sizes=\"auto\" src=\"data:image\/svg+xml,%3Csvg%20xmlns='http:\/\/www.w3.org\/2000\/svg'%20viewBox='0%200%201080%20595'%3E%3C\/svg%3E\"><\/figure>\n  <noscript>\n    <img src=\"https:\/\/popcult.fi\/app\/uploads\/sites\/7\/2024\/10\/tiivistamo_logo_1080x1080px-2.png\" alt=\"\" height=\"595\" width=\"1080\">\n  <\/noscript>\n<\/div>\n\n\n\n<div class=\"wp-block-column is-layout-flow wp-block-column-is-layout-flow\"><\/div>\n\n\n\n<div class=\"wp-block-column is-layout-flow wp-block-column-is-layout-flow\"><\/div>\n<\/div>\n<\/div><\/div>\n\n<div class='container tvk-container'><div class='tvk-block tvk-block-core core-columns wysiwyg'>\n<div class=\"wp-block-columns is-layout-flex wp-container-core-columns-is-layout-3 wp-block-columns-is-layout-flex\">\n<div class=\"wp-block-column is-layout-flow wp-block-column-is-layout-flow\">\n<div class=\"wp-block-columns is-layout-flex wp-container-core-columns-is-layout-2 wp-block-columns-is-layout-flex\">\n<div class=\"wp-block-column is-layout-flow wp-block-column-is-layout-flow\"><\/div>\n<\/div>\n<\/div>\n<\/div>\n<\/div><\/div>\n\n<div class='container tvk-container'><div class='tvk-block tvk-block-core core-html wysiwyg'>\n<script type=\"application\/ld+json\">\n{ \n    \"@context\": \"https:\/\/schema.org\", \n    \"@type\": \"Event\", \n    \"name\": \"Popcult Nights 2025\", \n    \"description\": \"Popcult Nights tulee taas! Tiivist\u00e4m\u00f6n lavalla n\u00e4hd\u00e4\u00e4n lokakuun pimeydess\u00e4 monipuolinen kattaus musiikkia, tanssia, dragia ja muuta mukaansatempaavaa ohjelmaa! Illan ja y\u00f6n aikana popkulttuurin yst\u00e4vi\u00e4 viihdytt\u00e4v\u00e4t niin vanhat suosikit kuin uudet tuttavuudet \u2013 ja illan p\u00e4\u00e4tteeksi tietysti reivataan tanssilattialla. Tule viett\u00e4m\u00e4\u00e4n syksyisen h\u00e4m\u00e4rtyv\u00e4\u00e4 iltaa vuoden vauhdikkaimmalle popkulttuuriklubille!\", \n    \"image\": \"https:\/\/popcult.fi\/app\/uploads\/sites\/8\/2025\/08\/popcult-nights-2025-web-banner.jpg\", \n    \"startDate\": \"2025-10-04\", \n    \"endDate\": \"2025-10-04\", \n    \"eventStatus\": \"https:\/\/schema.org\/EventScheduled\", \n    \"eventAttendanceMode\": \"https:\/\/schema.org\/OfflineEventAttendanceMode\", \n    \"location\": { \n        \"@type\": \"Place\", \n        \"name\": \"Tiivist\u00e4m\u00f6\", \n        \"address\": { \n        \"@type\": \"PostalAddress\", \n        \"streetAddress\": \"Kaasutehtaankatu 1\", \n        \"addressLocality\": \"Helsinki\", \n        \"postalCode\": \"00580\", \n        \"addressCountry\": \"FI\" \n        } \n    },\n    \"offers\": {     \n        \"@type\": \"Offer\",     \n        \"name\": \"P\u00e4\u00e4sylippu\",     \n        \"price\": \"15\",     \n        \"priceCurrency\": \"EUR\",     \n        \"validFrom\": \"2025-08-27\",     \n        \"url\": \"https:\/\/v2.kompassi.eu\/popcultnights2025\/tickets\",     \n        \"availability\": \"https:\/\/schema.org\/InStock\"     \n    }\n} \n<\/script>\n<\/div><\/div>\n","protected":false},"excerpt":{"rendered":"<p>4.10.2025, Tiivist\u00e4m\u00f6 Popcult Nights tulee taas! Tiivist\u00e4m\u00f6n lavalla n\u00e4hd\u00e4\u00e4n lokakuun pimeydess\u00e4 monipuolinen kattaus musiikkia, tanssia, dragia ja muuta mukaansatempaavaa ohjelmaa! Illan ja y\u00f6n aikana popkulttuurin yst\u00e4vi\u00e4 viihdytt\u00e4v\u00e4t niin vanhat suosikit kuin uudet tuttavuudet &#8211; ja illan p\u00e4\u00e4tteeksi tietysti reivataan tanssilattialla. Tule viett\u00e4m\u00e4\u00e4n syksyisen h\u00e4m\u00e4rtyv\u00e4\u00e4 iltaa vuoden vauhdikkaimmalle popkulttuuriklubille! Illan aikataulu: 19:30 Ovet aukeavat 20:00 Mielenteatteri: [&hellip;]<\/p>\n","protected":false},"author":1,"featured_media":0,"parent":0,"menu_order":0,"comment_status":"closed","ping_status":"closed","template":"","meta":{"_acf_changed":false,"footnotes":""},"acf":[],"_links":{"self":[{"href":"https:\/\/popcult.fi\/nights-2025\/wp-json\/wp\/v2\/pages\/7"}],"collection":[{"href":"https:\/\/popcult.fi\/nights-2025\/wp-json\/wp\/v2\/pages"}],"about":[{"href":"https:\/\/popcult.fi\/nights-2025\/wp-json\/wp\/v2\/types\/page"}],"author":[{"embeddable":true,"href":"https:\/\/popcult.fi\/nights-2025\/wp-json\/wp\/v2\/users\/1"}],"replies":[{"embeddable":true,"href":"https:\/\/popcult.fi\/nights-2025\/wp-json\/wp\/v2\/comments?post=7"}],"version-history":[{"count":40,"href":"https:\/\/popcult.fi\/nights-2025\/wp-json\/wp\/v2\/pages\/7\/revisions"}],"predecessor-version":[{"id":192,"href":"https:\/\/popcult.fi\/nights-2025\/wp-json\/wp\/v2\/pages\/7\/revisions\/192"}],"wp:attachment":[{"href":"https:\/\/popcult.fi\/nights-2025\/wp-json\/wp\/v2\/media?parent=7"}],"curies":[{"name":"wp","href":"https:\/\/api.w.org\/{rel}","templated":true}]}}