{"id":82,"date":"2024-10-20T14:55:38","date_gmt":"2024-10-20T11:55:38","guid":{"rendered":"https:\/\/popcult.fi\/nights-2024-halloween-edition\/?page_id=82"},"modified":"2024-10-24T19:19:10","modified_gmt":"2024-10-24T16:19:10","slug":"ohjelma","status":"publish","type":"page","link":"https:\/\/popcult.fi\/nights-2024-halloween-edition\/ohjelma\/","title":{"rendered":"Ohjelma"},"content":{"rendered":"<section class=\"tavk-block tavk-block--npx-hero-low npx-hero-low\">\n    <div class=\"npx-page-title-area npx-page-title-area--has-image\">\n        <div class=\"npx-container\">\n            <div class=\"npx-page-title-area__inner\">\n                <h1>Ohjelma<\/h1>\n            <\/div>\n        <\/div>\n\n                    <div class=\"npx-page-title-area__image\">\n                <div class=\"npx-page-title-area__image-inner\">\n                        <div class=\"responsive-image-container\" style=\"padding-bottom: 56.25%;background-color: #eec418;\">\n  <img loading=\"lazy\" class=\"responsive-image lazyload\" height=\"1080\" width=\"1920\" alt=\"\" src=\"data:image\/gif;base64,R0lGODlhAQABAAAAACH5BAEKAAEALAAAAAABAAEAAAICTAEAOw==\" data-src=\"https:\/\/popcult.fi\/app\/uploads\/sites\/7\/2024\/09\/popcult-nights-halloween-edition-web.jpg?ver=57ee2bda\"  data-srcset=\"https:\/\/popcult.fi\/app\/uploads\/sites\/7\/2024\/09\/popcult-nights-halloween-edition-web.jpg?ver=57ee2bda 1920w, https:\/\/popcult.fi\/app\/uploads\/sites\/7\/2024\/09\/popcult-nights-halloween-edition-web-3d4ql9roq4dbyxo4hy2z22hqu-1000x563.jpg?ver=57ee2bda 1000w, https:\/\/popcult.fi\/app\/uploads\/sites\/7\/2024\/09\/popcult-nights-halloween-edition-web-ehz9tfgw7xsmm9b8ace97y0b1-1500x844.jpg?ver=57ee2bda 1500w\" data-sizes=\"auto\" data-parent-fit=\"cover\">\n  <noscript>\n    <img loading=\"lazy\" class=\"responsive-image\" src=\"https:\/\/popcult.fi\/app\/uploads\/sites\/7\/2024\/09\/popcult-nights-halloween-edition-web.jpg?ver=57ee2bda\" alt=\"\" height=\"1080\" width=\"1920\">\n  <\/noscript>\n<\/div>\n                <\/div>\n            <\/div>\n\n            <div class=\"npx-page-title-area__scim\">\n\n            <\/div>\n\n        \n    <\/div>\n\n    \n    \n<\/section>\n\n<div class='container tvk-container'><div class='tvk-block tvk-block-core core-paragraph wysiwyg'>\n<p>Popcult Nights tarjoilee illan aikana monipuolista ohjelmaa r\u00e4j\u00e4ht\u00e4vist\u00e4 live-esityksist\u00e4 karaokeen!<\/p>\n<\/div><\/div>\n\n<div class='container tvk-container'><div class='tvk-block tvk-block-core core-heading wysiwyg'>\n<h2 class=\"wp-block-heading\">Illan aikataulu:<\/h2>\n<\/div><\/div>\n\n<div class='container tvk-container'><div class='tvk-block tvk-block-core core-paragraph wysiwyg'>\n<p><strong>19.30<\/strong> Ovet ja karaoke auki<\/p>\n<\/div><\/div>\n\n<div class='container tvk-container'><div class='tvk-block tvk-block-core core-paragraph wysiwyg'>\n<p><strong>20.00<\/strong> Rendaamaton<\/p>\n<\/div><\/div>\n\n<div class='container tvk-container'><div class='tvk-block tvk-block-core core-paragraph wysiwyg'>\n<p><strong>21.20<\/strong> UNCANDY<\/p>\n<\/div><\/div>\n\n<div class='container tvk-container'><div class='tvk-block tvk-block-core core-paragraph wysiwyg'>\n<p><strong>22.00<\/strong> Kariana Grandi &amp; Twiggy Mallet<\/p>\n<\/div><\/div>\n\n<div class='container tvk-container'><div class='tvk-block tvk-block-core core-paragraph wysiwyg'>\n<p><strong>22.40<\/strong> You Caught My Eye -pukukilpailu<\/p>\n<\/div><\/div>\n\n<div class='container tvk-container'><div class='tvk-block tvk-block-core core-paragraph wysiwyg'>\n<p><strong>23.20<\/strong> Nordic Cosplay Cabaret<\/p>\n<\/div><\/div>\n\n<div class='container tvk-container'><div class='tvk-block tvk-block-core core-paragraph wysiwyg'>\n<p><strong>00.00<\/strong> DJ Yukata<\/p>\n<\/div><\/div>\n\n<div class='container tvk-container'><div class='tvk-block tvk-block-core core-paragraph wysiwyg'>\n<p><strong>01.00<\/strong> Loth<\/p>\n<\/div><\/div>\n\n<div class='container tvk-container'><div class='tvk-block tvk-block-core core-paragraph wysiwyg'>\n<p><strong>02.30<\/strong> Tapahtuma p\u00e4\u00e4ttyy<\/p>\n<\/div><\/div>\n\n<div class='container tvk-container'><div class='tvk-block tvk-block-core core-heading wysiwyg'>\n<h2 class=\"wp-block-heading\">Karaoke<\/h2>\n<\/div><\/div>\n\n<div class='container tvk-container'><div class='tvk-block tvk-block-core core-paragraph wysiwyg'>\n<p>Karaoke on avoinna Tiivist\u00e4m\u00f6n l\u00e4mpi\u00f6ss\u00e4 klo 19:30-02:30 eli koko tapahtuman ajan. Klo 19:30-22:00 karaokessa laulajia kannustavat ihanan kauhistuttavat meidot! <\/p>\n<\/div><\/div>\n\n<div class='container tvk-container'><div class='tvk-block tvk-block-core core-paragraph wysiwyg'>\n<p><a href=\"https:\/\/popcult.fi\/nights-2024-halloween-edition\/karaoke\/\" data-type=\"page\" data-id=\"109\">Lis\u00e4tietoja karaokesta l\u00f6yd\u00e4t t\u00e4\u00e4lt\u00e4<\/a>. <\/p>\n<\/div><\/div>\n\n<div class='container tvk-container'><div class='tvk-block tvk-block-core core-heading wysiwyg'>\n<h2 class=\"wp-block-heading\">You Caught My Eye -pukukilpailu<\/h2>\n<\/div><\/div>\n\n<div class='container tvk-container'><div class='tvk-block tvk-block-core core-paragraph wysiwyg'>\n<p>Nightsissa n\u00e4hd\u00e4\u00e4n my\u00f6s &#8221;You Caught My Eye&#8221; -pukukisa, jossa juuri sin\u00e4 voit p\u00e4\u00e4st\u00e4\u00e4 luovuutesi valloilleen! Kilpailuun voi osallistua mill\u00e4 tahansa asukokonaisuudella, edes taivas ei ole rajana! Saavu paikalle ajoissa, sill\u00e4 silm\u00e4ilemme upeimpia asukokonaisuuksia heti ovien auetessa. Valitut kilpailijat p\u00e4\u00e4sev\u00e4t esittelem\u00e4\u00e4n luomuksensa Tiivist\u00e4m\u00f6n lavalla klo 22:40.<\/p>\n<\/div><\/div>\n\n<div class='container tvk-container'><div class='tvk-block tvk-block-core core-paragraph wysiwyg'>\n<p>Pukukilpailua sponsoroivat <a href=\"https:\/\/www.bistrohuuhaa.com\/\">HuuHaa Astro Bar &amp; Bistro<\/a> ja <a href=\"https:\/\/laserareena.fi\/fi\/\">Laserareena<\/a>.<\/p>\n<\/div><\/div>\n\n<div class='container tvk-container'><div class='tvk-block tvk-block-core core-heading wysiwyg'>\n<h2 class=\"wp-block-heading\">Tutustu illan esiintyjiin:<\/h2>\n<\/div><\/div>\n\n<div class='container tvk-container'><div class='tvk-block tvk-block-core core-image wysiwyg'>\n<figure class=\"wp-block-image size-large is-resized\"><img loading=\"lazy\" width=\"1024\" height=\"1024\" data-src=\"https:\/\/popcult.fi\/app\/uploads\/sites\/7\/2024\/10\/popcult-nights-2-2024-rendaamaton-1024x1024.jpg\" alt=\"\" class=\"wp-image-83 lazyload lazyload\" style=\"width:614px;height:auto\" data-color=\"#e2cc8a\" data-srcset=\"https:\/\/popcult.fi\/app\/uploads\/sites\/7\/2024\/10\/popcult-nights-2-2024-rendaamaton-1024x1024.jpg 1024w, https:\/\/popcult.fi\/app\/uploads\/sites\/7\/2024\/10\/popcult-nights-2-2024-rendaamaton-300x300.jpg 300w, https:\/\/popcult.fi\/app\/uploads\/sites\/7\/2024\/10\/popcult-nights-2-2024-rendaamaton-150x150.jpg 150w, https:\/\/popcult.fi\/app\/uploads\/sites\/7\/2024\/10\/popcult-nights-2-2024-rendaamaton-768x768.jpg 768w, https:\/\/popcult.fi\/app\/uploads\/sites\/7\/2024\/10\/popcult-nights-2-2024-rendaamaton-1gj4a131x5r4mtarnbup9w4yb-350x350.jpg 350w, https:\/\/popcult.fi\/app\/uploads\/sites\/7\/2024\/10\/popcult-nights-2-2024-rendaamaton-8ulhxdici07kl6m7qpir5dtbx-700x700.jpg 700w, https:\/\/popcult.fi\/app\/uploads\/sites\/7\/2024\/10\/popcult-nights-2-2024-rendaamaton.jpg 1080w, https:\/\/popcult.fi\/app\/uploads\/sites\/7\/2024\/10\/popcult-nights-2-2024-rendaamaton-8fqtnm61c984543gla8ax40d9-750x750.jpg 750w, https:\/\/popcult.fi\/app\/uploads\/sites\/7\/2024\/10\/popcult-nights-2-2024-rendaamaton-5e4bo1hzfqiuzeohvp67gm6cy-980x980.jpg 980w\" data-sizes=\"auto\" src=\"data:image\/svg+xml,%3Csvg%20xmlns='http:\/\/www.w3.org\/2000\/svg'%20style='background-color:%23e2cc8a'%20viewBox='0%200%201024%201024'%3E%3C\/svg%3E\"><\/figure>\n  <noscript>\n    <img src=\"https:\/\/popcult.fi\/app\/uploads\/sites\/7\/2024\/10\/popcult-nights-2-2024-rendaamaton-1024x1024.jpg\" alt=\"\" height=\"1024\" width=\"1024\">\n  <\/noscript>\n<\/div><\/div>\n\n<div class='container tvk-container'><div class='tvk-block tvk-block-core core-paragraph wysiwyg'>\n<p><strong>Rendaamaton (klo 20.00)<\/strong><\/p>\n<\/div><\/div>\n\n<div class='container tvk-container'><div class='tvk-block tvk-block-core core-paragraph wysiwyg'>\n<p>On synkk\u00e4 y\u00f6, ja myrskyn \u00e4\u00e4net pauhaavat ikkunasta&#8230; mutta ei, se olikin b\u00e4ndi!<\/p>\n<\/div><\/div>\n\n<div class='container tvk-container'><div class='tvk-block tvk-block-core core-paragraph wysiwyg'>\n<p>Rendaamaton astuu Popcultin lavalle kolossaalisen menev\u00e4ll\u00e4 bilesetill\u00e4\u00e4n! T\u00e4ll\u00e4 kertaa kuuden hengen voimin kuullaan suomeksi k\u00e4\u00e4nnettyj\u00e4 b\u00e4ngereit\u00e4 tutuista animeista peleihin ja vocaloid-musiikkiin. Tervetuloa tanssimaan! Jos uskallat&#8230;<\/p>\n<\/div><\/div>\n\n<div class='container tvk-container'><div class='tvk-block tvk-block-core core-paragraph wysiwyg'>\n<p>Lavalla n\u00e4hd\u00e4\u00e4n laulussa Elia &#8221;nokkosnukka&#8221; Liski, kitarassa Kirikou Rajala, bassossa Leo &#8221;DJ Yukata&#8221; Lindgren, koskettimissa Kosmi &#8221;miltsuee&#8221; Kotilainen, rummuissa Jere &#8221;Ranskis&#8221; Laukkanen ja viulussa\/taustalaulussa Ellen Hellberg.<\/p>\n<\/div><\/div>\n\n<div class='container tvk-container'><div class='tvk-block tvk-block-core core-image wysiwyg'>\n<figure class=\"wp-block-image size-large is-resized\"><img loading=\"lazy\" width=\"1024\" height=\"1024\" data-src=\"https:\/\/popcult.fi\/app\/uploads\/sites\/7\/2024\/10\/popcult_nights_2-11_uncandy-1024x1024.png\" alt=\"\" class=\"wp-image-84 lazyload lazyload\" style=\"width:608px;height:auto\" data-color=\"#af4aa8\" data-srcset=\"https:\/\/popcult.fi\/app\/uploads\/sites\/7\/2024\/10\/popcult_nights_2-11_uncandy-1024x1024.png 1024w, https:\/\/popcult.fi\/app\/uploads\/sites\/7\/2024\/10\/popcult_nights_2-11_uncandy-300x300.png 300w, https:\/\/popcult.fi\/app\/uploads\/sites\/7\/2024\/10\/popcult_nights_2-11_uncandy-150x150.png 150w, https:\/\/popcult.fi\/app\/uploads\/sites\/7\/2024\/10\/popcult_nights_2-11_uncandy-768x768.png 768w, https:\/\/popcult.fi\/app\/uploads\/sites\/7\/2024\/10\/popcult_nights_2-11_uncandy-1gj4a131x5r4mtarnbup9w4yb-350x350.png 350w, https:\/\/popcult.fi\/app\/uploads\/sites\/7\/2024\/10\/popcult_nights_2-11_uncandy-8ulhxdici07kl6m7qpir5dtbx-700x700.png 700w, https:\/\/popcult.fi\/app\/uploads\/sites\/7\/2024\/10\/popcult_nights_2-11_uncandy.png 1080w, https:\/\/popcult.fi\/app\/uploads\/sites\/7\/2024\/10\/popcult_nights_2-11_uncandy-8fqtnm61c984543gla8ax40d9-750x750.png 750w, https:\/\/popcult.fi\/app\/uploads\/sites\/7\/2024\/10\/popcult_nights_2-11_uncandy-5e4bo1hzfqiuzeohvp67gm6cy-980x980.png 980w\" data-sizes=\"auto\" src=\"data:image\/svg+xml,%3Csvg%20xmlns='http:\/\/www.w3.org\/2000\/svg'%20style='background-color:%23af4aa8'%20viewBox='0%200%201024%201024'%3E%3C\/svg%3E\"><\/figure>\n  <noscript>\n    <img src=\"https:\/\/popcult.fi\/app\/uploads\/sites\/7\/2024\/10\/popcult_nights_2-11_uncandy-1024x1024.png\" alt=\"\" height=\"1024\" width=\"1024\">\n  <\/noscript>\n<\/div><\/div>\n\n<div class='container tvk-container'><div class='tvk-block tvk-block-core core-paragraph wysiwyg'>\n<p><strong>UNCANDY (klo 21.20)<\/strong><\/p>\n<\/div><\/div>\n\n<div class='container tvk-container'><div class='tvk-block tvk-block-core core-paragraph wysiwyg'>\n<p>Karkki vai kepponen? Kuuden tanssijan projektiryhm\u00e4 UNCANDY saapuu Tiivist\u00e4m\u00f6lle sulattamaan viluisimpienkin k\u00e4vij\u00f6iden syd\u00e4met vauhdikkaalla tanssishow&#8217;lla. Luvassa on tuttuja b\u00e4ngereit\u00e4 niin japanilaisesta, korealaisesta kuin l\u00e4nsimaisestakin populaarikulttuurista.<\/p>\n<\/div><\/div>\n\n<div class='container tvk-container'><div class='tvk-block tvk-block-core core-paragraph wysiwyg'>\n<p>Kaiva siis esiin valotikkusi, t\u00e4yt\u00e4 lasisi ja tule bailaamaan Popcult Nightsin y\u00f6h\u00f6n UNCANDYn kanssa!<\/p>\n<\/div><\/div>\n\n<div class='container tvk-container'><div class='tvk-block tvk-block-core core-image wysiwyg'>\n<figure class=\"wp-block-image size-large is-resized\"><img loading=\"lazy\" width=\"1024\" height=\"1024\" data-src=\"https:\/\/popcult.fi\/app\/uploads\/sites\/7\/2024\/10\/kariana-grandi-1024x1024.jpg\" alt=\"\" class=\"wp-image-85 lazyload lazyload\" style=\"width:612px;height:auto\" data-color=\"#3f2847\" data-srcset=\"https:\/\/popcult.fi\/app\/uploads\/sites\/7\/2024\/10\/kariana-grandi-1024x1024.jpg 1024w, https:\/\/popcult.fi\/app\/uploads\/sites\/7\/2024\/10\/kariana-grandi-300x300.jpg 300w, https:\/\/popcult.fi\/app\/uploads\/sites\/7\/2024\/10\/kariana-grandi-150x150.jpg 150w, https:\/\/popcult.fi\/app\/uploads\/sites\/7\/2024\/10\/kariana-grandi-768x768.jpg 768w, https:\/\/popcult.fi\/app\/uploads\/sites\/7\/2024\/10\/kariana-grandi-1gj4a131x5r4mtarnbup9w4yb-350x350.jpg 350w, https:\/\/popcult.fi\/app\/uploads\/sites\/7\/2024\/10\/kariana-grandi-8ulhxdici07kl6m7qpir5dtbx-700x700.jpg 700w, https:\/\/popcult.fi\/app\/uploads\/sites\/7\/2024\/10\/kariana-grandi.jpg 1080w, https:\/\/popcult.fi\/app\/uploads\/sites\/7\/2024\/10\/kariana-grandi-8fqtnm61c984543gla8ax40d9-750x750.jpg 750w, https:\/\/popcult.fi\/app\/uploads\/sites\/7\/2024\/10\/kariana-grandi-5e4bo1hzfqiuzeohvp67gm6cy-980x980.jpg 980w\" data-sizes=\"auto\" src=\"data:image\/svg+xml,%3Csvg%20xmlns='http:\/\/www.w3.org\/2000\/svg'%20style='background-color:%233f2847'%20viewBox='0%200%201024%201024'%3E%3C\/svg%3E\"><\/figure>\n  <noscript>\n    <img src=\"https:\/\/popcult.fi\/app\/uploads\/sites\/7\/2024\/10\/kariana-grandi-1024x1024.jpg\" alt=\"\" height=\"1024\" width=\"1024\">\n  <\/noscript>\n<\/div><\/div>\n\n<div class='container tvk-container'><div class='tvk-block tvk-block-core core-image wysiwyg'>\n<figure class=\"wp-block-image size-large is-resized\"><img loading=\"lazy\" width=\"1024\" height=\"1024\" data-src=\"https:\/\/popcult.fi\/app\/uploads\/sites\/7\/2024\/10\/twiggy-mallet-1024x1024.jpg\" alt=\"\" class=\"wp-image-86 lazyload lazyload\" style=\"width:613px;height:auto\" data-color=\"#472446\" data-srcset=\"https:\/\/popcult.fi\/app\/uploads\/sites\/7\/2024\/10\/twiggy-mallet-1024x1024.jpg 1024w, https:\/\/popcult.fi\/app\/uploads\/sites\/7\/2024\/10\/twiggy-mallet-300x300.jpg 300w, https:\/\/popcult.fi\/app\/uploads\/sites\/7\/2024\/10\/twiggy-mallet-150x150.jpg 150w, https:\/\/popcult.fi\/app\/uploads\/sites\/7\/2024\/10\/twiggy-mallet-768x768.jpg 768w, https:\/\/popcult.fi\/app\/uploads\/sites\/7\/2024\/10\/twiggy-mallet-1gj4a131x5r4mtarnbup9w4yb-350x350.jpg 350w, https:\/\/popcult.fi\/app\/uploads\/sites\/7\/2024\/10\/twiggy-mallet-8ulhxdici07kl6m7qpir5dtbx-700x700.jpg 700w, https:\/\/popcult.fi\/app\/uploads\/sites\/7\/2024\/10\/twiggy-mallet.jpg 1080w, https:\/\/popcult.fi\/app\/uploads\/sites\/7\/2024\/10\/twiggy-mallet-8fqtnm61c984543gla8ax40d9-750x750.jpg 750w, https:\/\/popcult.fi\/app\/uploads\/sites\/7\/2024\/10\/twiggy-mallet-5e4bo1hzfqiuzeohvp67gm6cy-980x980.jpg 980w\" data-sizes=\"auto\" src=\"data:image\/svg+xml,%3Csvg%20xmlns='http:\/\/www.w3.org\/2000\/svg'%20style='background-color:%23472446'%20viewBox='0%200%201024%201024'%3E%3C\/svg%3E\"><\/figure>\n  <noscript>\n    <img src=\"https:\/\/popcult.fi\/app\/uploads\/sites\/7\/2024\/10\/twiggy-mallet-1024x1024.jpg\" alt=\"\" height=\"1024\" width=\"1024\">\n  <\/noscript>\n<\/div><\/div>\n\n<div class='container tvk-container'><div class='tvk-block tvk-block-core core-paragraph wysiwyg'>\n<p><strong>Kariana Grandi &amp; Twiggy Mallet (klo 22.00)<\/strong><\/p>\n<\/div><\/div>\n\n<div class='container tvk-container'><div class='tvk-block tvk-block-core core-paragraph wysiwyg'>\n<p>Pikkukaupungissa tapahtuu kummia, mutta voiko tapahtumia selitt\u00e4\u00e4 yksinkertaisella murhamysteerill\u00e4&#8230; tai lainkaan?&nbsp;<\/p>\n<\/div><\/div>\n\n<div class='container tvk-container'><div class='tvk-block tvk-block-core core-paragraph wysiwyg'>\n<p>Karianan n\u00f6rttidrag valloittaa j\u00e4lleen Suvilahden! T\u00e4ll\u00e4 kertaa duo Kariana Grandi &amp; Twiggy Mallet tuovat kuumaliimaa, unohdettuja meemej\u00e4 ja hienhajua Popcultin lavalle kaksin rynt\u00e4in.<\/p>\n<\/div><\/div>\n\n<div class='container tvk-container'><div class='tvk-block tvk-block-core core-paragraph wysiwyg'>\n<p>Instagram: <a href=\"https:\/\/www.instagram.com\/karianagrandi\/\">@karianagrandi<\/a> ja <a href=\"https:\/\/www.instagram.com\/queentwiggymallet\/\">@queentwiggymallet<\/a><\/p>\n<\/div><\/div>\n\n<div class='container tvk-container'><div class='tvk-block tvk-block-core core-image wysiwyg'>\n<figure class=\"wp-block-image size-large is-resized\"><img loading=\"lazy\" width=\"1024\" height=\"1024\" data-src=\"https:\/\/popcult.fi\/app\/uploads\/sites\/7\/2024\/10\/nights-ncc-1024x1024.jpg\" alt=\"\" class=\"wp-image-87 lazyload lazyload\" style=\"width:611px;height:auto\" data-color=\"#d7ab6d\" data-srcset=\"https:\/\/popcult.fi\/app\/uploads\/sites\/7\/2024\/10\/nights-ncc-1024x1024.jpg 1024w, https:\/\/popcult.fi\/app\/uploads\/sites\/7\/2024\/10\/nights-ncc-300x300.jpg 300w, https:\/\/popcult.fi\/app\/uploads\/sites\/7\/2024\/10\/nights-ncc-150x150.jpg 150w, https:\/\/popcult.fi\/app\/uploads\/sites\/7\/2024\/10\/nights-ncc-768x768.jpg 768w, https:\/\/popcult.fi\/app\/uploads\/sites\/7\/2024\/10\/nights-ncc-1gj4a131x5r4mtarnbup9w4yb-350x350.jpg 350w, https:\/\/popcult.fi\/app\/uploads\/sites\/7\/2024\/10\/nights-ncc-8ulhxdici07kl6m7qpir5dtbx-700x700.jpg 700w, https:\/\/popcult.fi\/app\/uploads\/sites\/7\/2024\/10\/nights-ncc.jpg 1080w, https:\/\/popcult.fi\/app\/uploads\/sites\/7\/2024\/10\/nights-ncc-8fqtnm61c984543gla8ax40d9-750x750.jpg 750w, https:\/\/popcult.fi\/app\/uploads\/sites\/7\/2024\/10\/nights-ncc-5e4bo1hzfqiuzeohvp67gm6cy-980x980.jpg 980w\" data-sizes=\"auto\" src=\"data:image\/svg+xml,%3Csvg%20xmlns='http:\/\/www.w3.org\/2000\/svg'%20style='background-color:%23d7ab6d'%20viewBox='0%200%201024%201024'%3E%3C\/svg%3E\"><\/figure>\n  <noscript>\n    <img src=\"https:\/\/popcult.fi\/app\/uploads\/sites\/7\/2024\/10\/nights-ncc-1024x1024.jpg\" alt=\"\" height=\"1024\" width=\"1024\">\n  <\/noscript>\n<\/div><\/div>\n\n<div class='container tvk-container'><div class='tvk-block tvk-block-core core-paragraph wysiwyg'>\n<p><strong>Nordic Cosplay Cabaret (klo 23.20)<\/strong><\/p>\n<\/div><\/div>\n\n<div class='container tvk-container'><div class='tvk-block tvk-block-core core-paragraph wysiwyg'>\n<p>Nordic Cosplay Cabaret tuo Popcult Nightsin lavalle glitterkakkuja, herkullista myrkky\u00e4 ja jotain aivan uutta!<\/p>\n<\/div><\/div>\n\n<div class='container tvk-container'><div class='tvk-block tvk-block-core core-paragraph wysiwyg'>\n<p>Lavalle tulee suosittu striimaaja Kangel (yst\u00e4vineen) sek\u00e4 suoraan Hazbin Hotellista Angel Dust! Lis\u00e4ksi esityksess\u00e4 debytoi hurmaava pahis er\u00e4\u00e4st\u00e4 legendaarisesta 90-luvun sarjasta. Nordic Cosplay Cabaretin esityksiss\u00e4 yhdistyy cosplay sek\u00e4 nykyburleski.<\/p>\n<\/div><\/div>\n\n<div class='container tvk-container'><div class='tvk-block tvk-block-core core-paragraph wysiwyg'>\n<p>Varoitus: vaatteita saattaa lent\u00e4\u00e4 yleis\u00f6\u00f6n\u2026<\/p>\n<\/div><\/div>\n\n<div class='container tvk-container'><div class='tvk-block tvk-block-core core-paragraph wysiwyg'>\n<p>Instagram: <a href=\"https:\/\/www.instagram.com\/nordiccosplaycabaret\/\">@nordiccosplaycabaret<\/a><\/p>\n<\/div><\/div>\n\n<div class='container tvk-container'><div class='tvk-block tvk-block-core core-image wysiwyg'>\n<figure class=\"wp-block-image size-large is-resized\"><img loading=\"lazy\" width=\"1024\" height=\"1024\" data-src=\"https:\/\/popcult.fi\/app\/uploads\/sites\/7\/2024\/10\/popcult_nights_dj_yukata-1024x1024.png\" alt=\"\" class=\"wp-image-88 lazyload lazyload\" style=\"width:606px;height:auto\" data-color=\"#1c1a2d\" data-srcset=\"https:\/\/popcult.fi\/app\/uploads\/sites\/7\/2024\/10\/popcult_nights_dj_yukata-1024x1024.png 1024w, https:\/\/popcult.fi\/app\/uploads\/sites\/7\/2024\/10\/popcult_nights_dj_yukata-300x300.png 300w, https:\/\/popcult.fi\/app\/uploads\/sites\/7\/2024\/10\/popcult_nights_dj_yukata-150x150.png 150w, https:\/\/popcult.fi\/app\/uploads\/sites\/7\/2024\/10\/popcult_nights_dj_yukata-768x768.png 768w, https:\/\/popcult.fi\/app\/uploads\/sites\/7\/2024\/10\/popcult_nights_dj_yukata-1gj4a131x5r4mtarnbup9w4yb-350x350.png 350w, https:\/\/popcult.fi\/app\/uploads\/sites\/7\/2024\/10\/popcult_nights_dj_yukata-8ulhxdici07kl6m7qpir5dtbx-700x700.png 700w, https:\/\/popcult.fi\/app\/uploads\/sites\/7\/2024\/10\/popcult_nights_dj_yukata.png 1080w, https:\/\/popcult.fi\/app\/uploads\/sites\/7\/2024\/10\/popcult_nights_dj_yukata-8fqtnm61c984543gla8ax40d9-750x750.png 750w, https:\/\/popcult.fi\/app\/uploads\/sites\/7\/2024\/10\/popcult_nights_dj_yukata-5e4bo1hzfqiuzeohvp67gm6cy-980x980.png 980w\" data-sizes=\"auto\" src=\"data:image\/svg+xml,%3Csvg%20xmlns='http:\/\/www.w3.org\/2000\/svg'%20style='background-color:%231c1a2d'%20viewBox='0%200%201024%201024'%3E%3C\/svg%3E\"><\/figure>\n  <noscript>\n    <img src=\"https:\/\/popcult.fi\/app\/uploads\/sites\/7\/2024\/10\/popcult_nights_dj_yukata-1024x1024.png\" alt=\"\" height=\"1024\" width=\"1024\">\n  <\/noscript>\n<\/div><\/div>\n\n<div class='container tvk-container'><div class='tvk-block tvk-block-core core-paragraph wysiwyg'>\n<p><strong>DJ Yukata (klo 00.00)<\/strong><\/p>\n<\/div><\/div>\n\n<div class='container tvk-container'><div class='tvk-block tvk-block-core core-paragraph wysiwyg'>\n<p>Conibileist\u00e4 tuttu DJ Yukata tuo kovimmat animebiitit tahdittamaan Popcult Nightsin tanssilattiaa! Luvassa on setillinen animebiisej\u00e4 sek\u00e4 remixatussa ett\u00e4 originaalimuodossaan, uusia b\u00e4ngereit\u00e4 ja kovimpia klassikoita saumattomasti yhteen miksattuna. Tervetuloa tanssimaan!<\/p>\n<\/div><\/div>\n\n<div class='container tvk-container'><div class='tvk-block tvk-block-core core-paragraph wysiwyg'>\n<p>Instagram: <a href=\"https:\/\/www.instagram.com\/dj_yukata\/\">@dj_yukata<\/a><\/p>\n<\/div><\/div>\n\n<div class='container tvk-container'><div class='tvk-block tvk-block-core core-image wysiwyg'>\n<figure class=\"wp-block-image size-large is-resized\"><img loading=\"lazy\" width=\"1024\" height=\"1024\" data-src=\"https:\/\/popcult.fi\/app\/uploads\/sites\/7\/2024\/10\/popcult-nights-halloween-edition-loth-1024x1024.jpg\" alt=\"\" class=\"wp-image-89 lazyload lazyload\" style=\"width:606px;height:auto\" data-color=\"#452d46\" data-srcset=\"https:\/\/popcult.fi\/app\/uploads\/sites\/7\/2024\/10\/popcult-nights-halloween-edition-loth-1024x1024.jpg 1024w, https:\/\/popcult.fi\/app\/uploads\/sites\/7\/2024\/10\/popcult-nights-halloween-edition-loth-300x300.jpg 300w, https:\/\/popcult.fi\/app\/uploads\/sites\/7\/2024\/10\/popcult-nights-halloween-edition-loth-150x150.jpg 150w, https:\/\/popcult.fi\/app\/uploads\/sites\/7\/2024\/10\/popcult-nights-halloween-edition-loth-768x768.jpg 768w, https:\/\/popcult.fi\/app\/uploads\/sites\/7\/2024\/10\/popcult-nights-halloween-edition-loth-1gj4a131x5r4mtarnbup9w4yb-350x350.jpg 350w, https:\/\/popcult.fi\/app\/uploads\/sites\/7\/2024\/10\/popcult-nights-halloween-edition-loth-8ulhxdici07kl6m7qpir5dtbx-700x700.jpg 700w, https:\/\/popcult.fi\/app\/uploads\/sites\/7\/2024\/10\/popcult-nights-halloween-edition-loth.jpg 1080w, https:\/\/popcult.fi\/app\/uploads\/sites\/7\/2024\/10\/popcult-nights-halloween-edition-loth-8fqtnm61c984543gla8ax40d9-750x750.jpg 750w, https:\/\/popcult.fi\/app\/uploads\/sites\/7\/2024\/10\/popcult-nights-halloween-edition-loth-5e4bo1hzfqiuzeohvp67gm6cy-980x980.jpg 980w\" data-sizes=\"auto\" src=\"data:image\/svg+xml,%3Csvg%20xmlns='http:\/\/www.w3.org\/2000\/svg'%20style='background-color:%23452d46'%20viewBox='0%200%201024%201024'%3E%3C\/svg%3E\"><\/figure>\n  <noscript>\n    <img src=\"https:\/\/popcult.fi\/app\/uploads\/sites\/7\/2024\/10\/popcult-nights-halloween-edition-loth-1024x1024.jpg\" alt=\"\" height=\"1024\" width=\"1024\">\n  <\/noscript>\n<\/div><\/div>\n\n<div class='container tvk-container'><div class='tvk-block tvk-block-core core-paragraph wysiwyg'>\n<p><strong>Loth (klo 01.00)<\/strong><\/p>\n<\/div><\/div>\n\n<div class='container tvk-container'><div class='tvk-block tvk-block-core core-paragraph wysiwyg'>\n<p>Loth nousee lavalle DJ:n\u00e4 toista kertaa soittamaan pelimusiikkia, remixej\u00e4, monenlaisia internetin klassikoita sek\u00e4 jotain tv:st\u00e4 tuttua!<\/p>\n<\/div><\/div>\n\n<div class='container tvk-container'><div class='tvk-block tvk-block-core core-paragraph wysiwyg'>\n<p>Instagram: <a href=\"https:\/\/www.instagram.com\/lothshark\/\">@lothshark<\/a><\/p>\n<\/div><\/div>\n","protected":false},"excerpt":{"rendered":"<p>Popcult Nights tarjoilee illan aikana monipuolista ohjelmaa r\u00e4j\u00e4ht\u00e4vist\u00e4 live-esityksist\u00e4 karaokeen! Illan aikataulu: 19.30 Ovet ja karaoke auki 20.00 Rendaamaton 21.20 UNCANDY 22.00 Kariana Grandi &amp; Twiggy Mallet 22.40 You Caught My Eye -pukukilpailu 23.20 Nordic Cosplay Cabaret 00.00 DJ Yukata 01.00 Loth 02.30 Tapahtuma p\u00e4\u00e4ttyy Karaoke Karaoke on avoinna Tiivist\u00e4m\u00f6n l\u00e4mpi\u00f6ss\u00e4 klo 19:30-02:30 eli koko [&hellip;]<\/p>\n","protected":false},"author":17,"featured_media":0,"parent":0,"menu_order":0,"comment_status":"closed","ping_status":"closed","template":"","meta":{"_acf_changed":false,"footnotes":""},"acf":[],"_links":{"self":[{"href":"https:\/\/popcult.fi\/nights-2024-halloween-edition\/wp-json\/wp\/v2\/pages\/82"}],"collection":[{"href":"https:\/\/popcult.fi\/nights-2024-halloween-edition\/wp-json\/wp\/v2\/pages"}],"about":[{"href":"https:\/\/popcult.fi\/nights-2024-halloween-edition\/wp-json\/wp\/v2\/types\/page"}],"author":[{"embeddable":true,"href":"https:\/\/popcult.fi\/nights-2024-halloween-edition\/wp-json\/wp\/v2\/users\/17"}],"replies":[{"embeddable":true,"href":"https:\/\/popcult.fi\/nights-2024-halloween-edition\/wp-json\/wp\/v2\/comments?post=82"}],"version-history":[{"count":14,"href":"https:\/\/popcult.fi\/nights-2024-halloween-edition\/wp-json\/wp\/v2\/pages\/82\/revisions"}],"predecessor-version":[{"id":143,"href":"https:\/\/popcult.fi\/nights-2024-halloween-edition\/wp-json\/wp\/v2\/pages\/82\/revisions\/143"}],"wp:attachment":[{"href":"https:\/\/popcult.fi\/nights-2024-halloween-edition\/wp-json\/wp\/v2\/media?parent=82"}],"curies":[{"name":"wp","href":"https:\/\/api.w.org\/{rel}","templated":true}]}}