{"id":7,"date":"2024-08-22T16:16:07","date_gmt":"2024-08-22T16:16:07","guid":{"rendered":"https:\/\/popcult.fi\/nights-h2-2024\/?page_id=7"},"modified":"2024-10-24T19:06:13","modified_gmt":"2024-10-24T16:06:13","slug":"nights-h2-2024","status":"publish","type":"page","link":"https:\/\/popcult.fi\/nights-2024-halloween-edition\/","title":{"rendered":"Popcult Nights: Halloween Edition"},"content":{"rendered":"<section class=\"tavk-block tavk-block--npx-hero-low npx-hero-low\">\n    <div class=\"npx-page-title-area npx-page-title-area--has-image\">\n        <div class=\"npx-container\">\n            <div class=\"npx-page-title-area__inner\">\n                <h1>Popcult Nights: Halloween Edition<\/h1>\n            <\/div>\n        <\/div>\n\n                    <div class=\"npx-page-title-area__image\">\n                <div class=\"npx-page-title-area__image-inner\">\n                        <div class=\"responsive-image-container\" style=\"padding-bottom: 56.25%;background-color: #eec418;\">\n  <img loading=\"lazy\" class=\"responsive-image lazyload\" height=\"1080\" width=\"1920\" alt=\"\" src=\"data:image\/gif;base64,R0lGODlhAQABAAAAACH5BAEKAAEALAAAAAABAAEAAAICTAEAOw==\" data-src=\"https:\/\/popcult.fi\/app\/uploads\/sites\/7\/2024\/09\/popcult-nights-halloween-edition-web.jpg?ver=57ee2bda\"  data-srcset=\"https:\/\/popcult.fi\/app\/uploads\/sites\/7\/2024\/09\/popcult-nights-halloween-edition-web.jpg?ver=57ee2bda 1920w, https:\/\/popcult.fi\/app\/uploads\/sites\/7\/2024\/09\/popcult-nights-halloween-edition-web-3d4ql9roq4dbyxo4hy2z22hqu-1000x563.jpg?ver=57ee2bda 1000w, https:\/\/popcult.fi\/app\/uploads\/sites\/7\/2024\/09\/popcult-nights-halloween-edition-web-ehz9tfgw7xsmm9b8ace97y0b1-1500x844.jpg?ver=57ee2bda 1500w\" data-sizes=\"auto\" data-parent-fit=\"cover\">\n  <noscript>\n    <img loading=\"lazy\" class=\"responsive-image\" src=\"https:\/\/popcult.fi\/app\/uploads\/sites\/7\/2024\/09\/popcult-nights-halloween-edition-web.jpg?ver=57ee2bda\" alt=\"\" height=\"1080\" width=\"1920\">\n  <\/noscript>\n<\/div>\n                <\/div>\n            <\/div>\n\n            <div class=\"npx-page-title-area__scim\">\n\n            <\/div>\n\n        \n    <\/div>\n\n    \n    \n<\/section>\n\n<div class='container tvk-container'><div class='tvk-block tvk-block-core core-heading wysiwyg'>\n<h2 class=\"wp-block-heading\">2.11.2024, Tiivist\u00e4m\u00f6<\/h2>\n<\/div><\/div>\n\n<div class='container tvk-container'><div class='tvk-block tvk-block-core core-paragraph wysiwyg'>\n<p>Popcult Nightsin toinen tuleminen t\u00e4n\u00e4 vuonna n\u00e4hd\u00e4\u00e4n t\u00e4ll\u00e4 kertaa syksyll\u00e4 Halloweenin tunnelmissa! Toivotamme niin el\u00e4v\u00e4t kuin ep\u00e4kuolleetkin populaarikulttuurin fanit nauttimaan j\u00e4lleen kerran kattavasta tarjonnasta live-musiikkia sek\u00e4 h\u00e4ik\u00e4isev\u00e4n karmivia ja sielukkaita esiintyji\u00e4. Ja tottakai ilta p\u00e4\u00e4tet\u00e4\u00e4n tanssilattialla reivaten!<\/p>\n<\/div><\/div>\n\n<div class='container tvk-container'><div class='tvk-block tvk-block-core core-heading wysiwyg'>\n<h2 class=\"wp-block-heading\">Illan aikataulu:<\/h2>\n<\/div><\/div>\n\n<div class='container tvk-container'><div class='tvk-block tvk-block-core core-paragraph wysiwyg'>\n<p><strong>19.30<\/strong> Ovet ja karaoke auki<\/p>\n<\/div><\/div>\n\n<div class='container tvk-container'><div class='tvk-block tvk-block-core core-paragraph wysiwyg'>\n<p><strong>20.00<\/strong> Rendaamaton<\/p>\n<\/div><\/div>\n\n<div class='container tvk-container'><div class='tvk-block tvk-block-core core-paragraph wysiwyg'>\n<p><strong>21.20<\/strong> UNCANDY<\/p>\n<\/div><\/div>\n\n<div class='container tvk-container'><div class='tvk-block tvk-block-core core-paragraph wysiwyg'>\n<p><strong>22.00<\/strong> Kariana Grandi &amp; Twiggy Mallet<\/p>\n<\/div><\/div>\n\n<div class='container tvk-container'><div class='tvk-block tvk-block-core core-paragraph wysiwyg'>\n<p><strong>22.40<\/strong> You Caught My Eye -pukukilpailu<\/p>\n<\/div><\/div>\n\n<div class='container tvk-container'><div class='tvk-block tvk-block-core core-paragraph wysiwyg'>\n<p><strong>23.20<\/strong> Nordic Cosplay Cabaret<\/p>\n<\/div><\/div>\n\n<div class='container tvk-container'><div class='tvk-block tvk-block-core core-paragraph wysiwyg'>\n<p><strong>00.00<\/strong> DJ Yukata<\/p>\n<\/div><\/div>\n\n<div class='container tvk-container'><div class='tvk-block tvk-block-core core-paragraph wysiwyg'>\n<p><strong>01.00<\/strong> Loth<\/p>\n<\/div><\/div>\n\n<div class='container tvk-container'><div class='tvk-block tvk-block-core core-paragraph wysiwyg'>\n<p><strong>02.30<\/strong> Tapahtuma p\u00e4\u00e4ttyy<\/p>\n<\/div><\/div>\n\n<div class='container tvk-container'><div class='tvk-block tvk-block-core core-paragraph wysiwyg'>\n<p>Tiivist\u00e4m\u00f6n l\u00e4mpi\u00f6ss\u00e4 raikaa tuttuun tapaan Popcultin karaoke ja baarissa tarjoillaan teemaan sopivia drinkkej\u00e4. Karaoke on auki koko tapahtuman ajan.<\/p>\n<\/div><\/div>\n\n<div class='container tvk-container'><div class='tvk-block tvk-block-core core-paragraph wysiwyg'>\n<p>Paikalle saa saapua juuri sellaisena kuin olet. Joraa hurjassa halloweenmeikiss\u00e4, cossissa, dragi p\u00e4\u00e4lle vedettyn\u00e4, arkivaatteissa tai miss\u00e4 tahansa silt\u00e4 v\u00e4lilt\u00e4. Asu on vapaa! Illan aikana n\u00e4hd\u00e4\u00e4n my\u00f6s You Caught My Eye -pukukilpailu.<\/p>\n<\/div><\/div>\n\n<div class='container tvk-container'><div class='tvk-block tvk-block-core core-paragraph wysiwyg'>\n<p>Katso lis\u00e4tietoja ohjelmasta ja esiintyjien esittelyt <a href=\"https:\/\/popcult.fi\/nights-2024-halloween-edition\/ohjelma\/\">ohjelma-sivulla<\/a>!<\/p>\n<\/div><\/div>\n\n<div class='container tvk-container'><div class='tvk-block tvk-block-core core-paragraph wysiwyg'>\n<p>Seuraathan meit\u00e4 somessa:<\/p>\n<\/div><\/div>\n\n<div class='container tvk-container'><div class='tvk-block tvk-block-core core-paragraph wysiwyg'>\n<p><a href=\"https:\/\/www.instagram.com\/popcultfi\/\" data-type=\"link\" data-id=\"https:\/\/www.instagram.com\/popcultfi\/\">Instagram<\/a><br><a href=\"https:\/\/www.tiktok.com\/@popcultfi\" data-type=\"link\" data-id=\"https:\/\/www.tiktok.com\/@popcultfi\">TikTok<\/a><br><a href=\"https:\/\/twitter.com\/popcultfi\" data-type=\"link\" data-id=\"https:\/\/twitter.com\/popcultfi\">Twitter<\/a><\/p>\n<\/div><\/div>\n\n<div class='container tvk-container'><div class='tvk-block tvk-block-core core-heading wysiwyg'>\n<h2 class=\"wp-block-heading\">Liput<\/h2>\n<\/div><\/div>\n\n<div class='container tvk-container'><div class='tvk-block tvk-block-core core-paragraph wysiwyg'>\n<p>Liput tapahtumaan ovat jo myynniss\u00e4! Lipun hinta on 17\u20ac (sis\u00e4lt\u00e4\u00e4 narikan). Popcult Nights -tapahtuma on K-18.<\/p>\n<\/div><\/div>\n\n<div class='container tvk-container'><div class='tvk-block tvk-block-core core-buttons wysiwyg'>\n<div class=\"wp-block-buttons is-layout-flex wp-block-buttons-is-layout-flex\">\n<div class=\"wp-block-button\"><a class=\"wp-block-button__link wp-element-button\" href=\"https:\/\/kompassi.eu\/events\/popcultnights2024\/tickets\" target=\"_blank\" rel=\"noreferrer noopener\">Osta lippu<\/a><\/div>\n<\/div>\n<\/div><\/div>\n\n<div class='container tvk-container'><div class='tvk-block tvk-block-core core-heading wysiwyg'>\n<h2 class=\"wp-block-heading\">Yhteisty\u00f6ss\u00e4:<\/h2>\n<\/div><\/div>\n\n<div class='container tvk-container'><div class='tvk-block tvk-block-core core-columns wysiwyg'>\n<div class=\"wp-block-columns is-layout-flex wp-container-core-columns-is-layout-1 wp-block-columns-is-layout-flex\">\n<div class=\"wp-block-column is-layout-flow wp-block-column-is-layout-flow\">\n<figure class=\"wp-block-image size-full\"><img loading=\"lazy\" width=\"1080\" height=\"595\" data-src=\"https:\/\/popcult.fi\/app\/uploads\/sites\/7\/2024\/10\/tiivistamo_logo_1080x1080px-2.png\" alt=\"\" class=\"wp-image-128 lazyload lazyload\" data-srcset=\"https:\/\/popcult.fi\/app\/uploads\/sites\/7\/2024\/10\/tiivistamo_logo_1080x1080px-2.png 1080w, https:\/\/popcult.fi\/app\/uploads\/sites\/7\/2024\/10\/tiivistamo_logo_1080x1080px-2-300x165.png 300w, https:\/\/popcult.fi\/app\/uploads\/sites\/7\/2024\/10\/tiivistamo_logo_1080x1080px-2-1024x564.png 1024w, https:\/\/popcult.fi\/app\/uploads\/sites\/7\/2024\/10\/tiivistamo_logo_1080x1080px-2-768x423.png 768w, https:\/\/popcult.fi\/app\/uploads\/sites\/7\/2024\/10\/tiivistamo_logo_1080x1080px-2-1gj4a131x5r4mtarnbup9w4yb-350x193.png 350w, https:\/\/popcult.fi\/app\/uploads\/sites\/7\/2024\/10\/tiivistamo_logo_1080x1080px-2-8ulhxdici07kl6m7qpir5dtbx-700x386.png 700w, https:\/\/popcult.fi\/app\/uploads\/sites\/7\/2024\/10\/tiivistamo_logo_1080x1080px-2-8fqtnm61c984543gla8ax40d9-750x413.png 750w, https:\/\/popcult.fi\/app\/uploads\/sites\/7\/2024\/10\/tiivistamo_logo_1080x1080px-2-5e4bo1hzfqiuzeohvp67gm6cy-980x540.png 980w\" data-sizes=\"auto\" src=\"data:image\/svg+xml,%3Csvg%20xmlns='http:\/\/www.w3.org\/2000\/svg'%20viewBox='0%200%201080%20595'%3E%3C\/svg%3E\"><\/figure>\n  <noscript>\n    <img src=\"https:\/\/popcult.fi\/app\/uploads\/sites\/7\/2024\/10\/tiivistamo_logo_1080x1080px-2.png\" alt=\"\" height=\"595\" width=\"1080\">\n  <\/noscript>\n<\/div>\n\n\n\n<div class=\"wp-block-column is-layout-flow wp-block-column-is-layout-flow\">\n<figure class=\"wp-block-image size-full\"><img loading=\"lazy\" width=\"1920\" height=\"1080\" data-src=\"https:\/\/popcult.fi\/app\/uploads\/sites\/7\/2024\/10\/biorex-redi-popcult-day-16x9-1.jpg\" alt=\"\" class=\"wp-image-129 lazyload lazyload\" data-color=\"#063762\" data-srcset=\"https:\/\/popcult.fi\/app\/uploads\/sites\/7\/2024\/10\/biorex-redi-popcult-day-16x9-1.jpg 1920w, https:\/\/popcult.fi\/app\/uploads\/sites\/7\/2024\/10\/biorex-redi-popcult-day-16x9-1-300x169.jpg 300w, https:\/\/popcult.fi\/app\/uploads\/sites\/7\/2024\/10\/biorex-redi-popcult-day-16x9-1-1024x576.jpg 1024w, https:\/\/popcult.fi\/app\/uploads\/sites\/7\/2024\/10\/biorex-redi-popcult-day-16x9-1-768x432.jpg 768w, https:\/\/popcult.fi\/app\/uploads\/sites\/7\/2024\/10\/biorex-redi-popcult-day-16x9-1-1536x864.jpg 1536w, https:\/\/popcult.fi\/app\/uploads\/sites\/7\/2024\/10\/biorex-redi-popcult-day-16x9-1-1gj4a131x5r4mtarnbup9w4yb-350x197.jpg 350w, https:\/\/popcult.fi\/app\/uploads\/sites\/7\/2024\/10\/biorex-redi-popcult-day-16x9-1-8ulhxdici07kl6m7qpir5dtbx-700x394.jpg 700w, https:\/\/popcult.fi\/app\/uploads\/sites\/7\/2024\/10\/biorex-redi-popcult-day-16x9-1-2qiby3rqpywr832hsgjqwc8a5-1080x608.jpg 1080w, https:\/\/popcult.fi\/app\/uploads\/sites\/7\/2024\/10\/biorex-redi-popcult-day-16x9-1-36pbjani8tywzbxuuoadws0nn-1440x810.jpg 1440w, https:\/\/popcult.fi\/app\/uploads\/sites\/7\/2024\/10\/biorex-redi-popcult-day-16x9-1-8fqtnm61c984543gla8ax40d9-750x422.jpg 750w, https:\/\/popcult.fi\/app\/uploads\/sites\/7\/2024\/10\/biorex-redi-popcult-day-16x9-1-5e4bo1hzfqiuzeohvp67gm6cy-980x551.jpg 980w\" data-sizes=\"auto\" src=\"data:image\/svg+xml,%3Csvg%20xmlns='http:\/\/www.w3.org\/2000\/svg'%20style='background-color:%23063762'%20viewBox='0%200%201920%201080'%3E%3C\/svg%3E\"><\/figure>\n  <noscript>\n    <img src=\"https:\/\/popcult.fi\/app\/uploads\/sites\/7\/2024\/10\/biorex-redi-popcult-day-16x9-1.jpg\" alt=\"\" height=\"1080\" width=\"1920\">\n  <\/noscript>\n<\/div>\n\n\n\n<div class=\"wp-block-column is-layout-flow wp-block-column-is-layout-flow\"><\/div>\n<\/div>\n<\/div><\/div>\n\n<div class='container tvk-container'><div class='tvk-block tvk-block-core core-columns wysiwyg'>\n<div class=\"wp-block-columns is-layout-flex wp-container-core-columns-is-layout-3 wp-block-columns-is-layout-flex\">\n<div class=\"wp-block-column is-layout-flow wp-block-column-is-layout-flow\">\n<div class=\"wp-block-columns is-layout-flex wp-container-core-columns-is-layout-2 wp-block-columns-is-layout-flex\">\n<div class=\"wp-block-column is-layout-flow wp-block-column-is-layout-flow\"><\/div>\n<\/div>\n<\/div>\n<\/div>\n<\/div><\/div>\n","protected":false},"excerpt":{"rendered":"<p>2.11.2024, Tiivist\u00e4m\u00f6 Popcult Nightsin toinen tuleminen t\u00e4n\u00e4 vuonna n\u00e4hd\u00e4\u00e4n t\u00e4ll\u00e4 kertaa syksyll\u00e4 Halloweenin tunnelmissa! Toivotamme niin el\u00e4v\u00e4t kuin ep\u00e4kuolleetkin populaarikulttuurin fanit nauttimaan j\u00e4lleen kerran kattavasta tarjonnasta live-musiikkia sek\u00e4 h\u00e4ik\u00e4isev\u00e4n karmivia ja sielukkaita esiintyji\u00e4. Ja tottakai ilta p\u00e4\u00e4tet\u00e4\u00e4n tanssilattialla reivaten! Illan aikataulu: 19.30 Ovet ja karaoke auki 20.00 Rendaamaton 21.20 UNCANDY 22.00 Kariana Grandi &amp; Twiggy [&hellip;]<\/p>\n","protected":false},"author":1,"featured_media":0,"parent":0,"menu_order":0,"comment_status":"closed","ping_status":"closed","template":"","meta":{"_acf_changed":false,"footnotes":""},"acf":[],"_links":{"self":[{"href":"https:\/\/popcult.fi\/nights-2024-halloween-edition\/wp-json\/wp\/v2\/pages\/7"}],"collection":[{"href":"https:\/\/popcult.fi\/nights-2024-halloween-edition\/wp-json\/wp\/v2\/pages"}],"about":[{"href":"https:\/\/popcult.fi\/nights-2024-halloween-edition\/wp-json\/wp\/v2\/types\/page"}],"author":[{"embeddable":true,"href":"https:\/\/popcult.fi\/nights-2024-halloween-edition\/wp-json\/wp\/v2\/users\/1"}],"replies":[{"embeddable":true,"href":"https:\/\/popcult.fi\/nights-2024-halloween-edition\/wp-json\/wp\/v2\/comments?post=7"}],"version-history":[{"count":29,"href":"https:\/\/popcult.fi\/nights-2024-halloween-edition\/wp-json\/wp\/v2\/pages\/7\/revisions"}],"predecessor-version":[{"id":139,"href":"https:\/\/popcult.fi\/nights-2024-halloween-edition\/wp-json\/wp\/v2\/pages\/7\/revisions\/139"}],"wp:attachment":[{"href":"https:\/\/popcult.fi\/nights-2024-halloween-edition\/wp-json\/wp\/v2\/media?parent=7"}],"curies":[{"name":"wp","href":"https:\/\/api.w.org\/{rel}","templated":true}]}}